{"id":809,"date":"2019-05-22T08:54:13","date_gmt":"2019-05-22T08:54:13","guid":{"rendered":"http:\/\/demo.ovathemes.com\/constrau\/?page_id=809"},"modified":"2022-04-15T07:58:11","modified_gmt":"2022-04-15T04:58:11","slug":"iletisim","status":"publish","type":"page","link":"https:\/\/unuvarinsaat.com.tr\/ru\/iletisim\/","title":{"rendered":"\u041a\u043e\u043d\u0442\u0430\u043a\u0442\u044b"},"content":{"rendered":"\t\t<div data-elementor-type=\"wp-post\" data-elementor-id=\"809\" class=\"elementor elementor-809\" data-elementor-settings=\"[]\">\n\t\t\t\t\t\t<div class=\"elementor-inner\">\n\t\t\t\t\t\t\t<div class=\"elementor-section-wrap\">\n\t\t\t\t\t\t\t<section class=\"elementor-section elementor-top-section elementor-element elementor-element-44276d3 elementor-section-boxed elementor-section-height-default elementor-section-height-default\" data-id=\"44276d3\" data-element_type=\"section\">\n\t\t\t\t\t\t<div class=\"elementor-container elementor-column-gap-default\">\n\t\t\t\t\t\t\t<div class=\"elementor-row\">\n\t\t\t\t\t<div class=\"elementor-column elementor-col-50 elementor-top-column elementor-element elementor-element-184fe03\" data-id=\"184fe03\" data-element_type=\"column\">\n\t\t\t<div class=\"elementor-column-wrap elementor-element-populated\">\n\t\t\t\t\t\t\t<div class=\"elementor-widget-wrap\">\n\t\t\t\t\t\t<div class=\"elementor-element elementor-element-1b89d63 elementor-widget elementor-widget-shortcode\" data-id=\"1b89d63\" data-element_type=\"widget\" data-widget_type=\"shortcode.default\">\n\t\t\t\t<div class=\"elementor-widget-container\">\n\t\t\t\t\t<div class=\"elementor-shortcode\"><div role=\"form\" class=\"wpcf7\" id=\"wpcf7-f826-o1\" lang=\"en-US\" dir=\"ltr\">\n<div class=\"screen-reader-response\" role=\"alert\" aria-live=\"polite\"><\/div>\n<form action=\"\/ru\/wp-json\/wp\/v2\/pages\/809#wpcf7-f826-o1\" method=\"post\" class=\"wpcf7-form init\" novalidate=\"novalidate\">\n<div style=\"display: none;\">\n<input type=\"hidden\" name=\"_wpcf7\" value=\"826\" \/>\n<input type=\"hidden\" name=\"_wpcf7_version\" value=\"5.2.2\" \/>\n<input type=\"hidden\" name=\"_wpcf7_locale\" value=\"en_US\" \/>\n<input type=\"hidden\" name=\"_wpcf7_unit_tag\" value=\"wpcf7-f826-o1\" \/>\n<input type=\"hidden\" name=\"_wpcf7_container_post\" value=\"0\" \/>\n<input type=\"hidden\" name=\"_wpcf7_posted_data_hash\" value=\"\" \/>\n<\/div>\n<div class=\"contact-4\">\n<div class=\"con-2\">\n<div class=\"name\">\n   <label>\u0418\u043c\u044f \u0424\u0430\u043c\u0438\u043b\u0438\u044f *<span class=\"wpcf7-form-control-wrap your-first-name\"><input type=\"text\" name=\"your-first-name\" value=\"\" size=\"40\" class=\"wpcf7-form-control wpcf7-text wpcf7-validates-as-required\" aria-required=\"true\" aria-invalid=\"false\" \/><\/span><\/label>\n  <\/div>\n<\/p><\/div>\n<div class=\"con-1\">\n<div class=\"email\">\n    <label>\u042d\u043b. \u0430\u0434\u0440\u0435\u0441 *<span class=\"wpcf7-form-control-wrap your-email\"><input type=\"email\" name=\"your-email\" value=\"\" size=\"40\" class=\"wpcf7-form-control wpcf7-text wpcf7-email wpcf7-validates-as-required wpcf7-validates-as-email\" aria-required=\"true\" aria-invalid=\"false\" \/><\/span><\/label>\n  <\/div>\n<div class=\"phone\"><label>\u0422\u0435\u043b\u0435\u0444\u043e\u043d *<span class=\"wpcf7-form-control-wrap your-phone-number\"><input type=\"text\" name=\"your-phone-number\" value=\"\" size=\"40\" class=\"wpcf7-form-control wpcf7-text wpcf7-validates-as-required\" aria-required=\"true\" aria-invalid=\"false\" \/><\/span><\/label><\/div>\n<\/div>\n<div class=\"con-2\">\n  <label>\u0421\u043e\u043e\u0431\u0449\u0435\u043d\u0438\u0435<span class=\"wpcf7-form-control-wrap your-message\"><textarea name=\"your-message\" cols=\"40\" rows=\"10\" class=\"wpcf7-form-control wpcf7-textarea\" aria-invalid=\"false\"><\/textarea><\/span><\/label>\n <\/div>\n<p>  <input type=\"submit\" value=\"\u041e\u0422\u041f\u0420\u0410\u0412\u0418\u0422\u042c\" class=\"wpcf7-form-control wpcf7-submit\" \/>\n<\/p><\/div>\n<div class=\"wpcf7-response-output\" role=\"alert\" aria-hidden=\"true\"><\/div><\/form><\/div><\/div>\n\t\t\t\t<\/div>\n\t\t\t\t<\/div>\n\t\t\t\t\t\t<\/div>\n\t\t\t\t\t<\/div>\n\t\t<\/div>\n\t\t\t\t<div class=\"elementor-column elementor-col-50 elementor-top-column elementor-element elementor-element-c435a77\" data-id=\"c435a77\" data-element_type=\"column\">\n\t\t\t<div class=\"elementor-column-wrap elementor-element-populated\">\n\t\t\t\t\t\t\t<div class=\"elementor-widget-wrap\">\n\t\t\t\t\t\t<section class=\"elementor-section elementor-inner-section elementor-element elementor-element-5bd18db elementor-section-boxed elementor-section-height-default elementor-section-height-default\" data-id=\"5bd18db\" data-element_type=\"section\">\n\t\t\t\t\t\t<div class=\"elementor-container elementor-column-gap-default\">\n\t\t\t\t\t\t\t<div class=\"elementor-row\">\n\t\t\t\t\t<div class=\"elementor-column elementor-col-50 elementor-inner-column elementor-element elementor-element-a6c523f\" data-id=\"a6c523f\" data-element_type=\"column\">\n\t\t\t<div class=\"elementor-column-wrap elementor-element-populated\">\n\t\t\t\t\t\t\t<div class=\"elementor-widget-wrap\">\n\t\t\t\t\t\t<div class=\"elementor-element elementor-element-7d5e319 elementor-widget elementor-widget-text-editor\" data-id=\"7d5e319\" data-element_type=\"widget\" data-widget_type=\"text-editor.default\">\n\t\t\t\t<div class=\"elementor-widget-container\">\n\t\t\t\t\t<div class=\"elementor-text-editor elementor-clearfix\"><b>\u0446\u0435\u043d\u0442\u0440\u0430\u043b\u044c\u043d\u044b\u0439 \u043e\u0444\u0438\u0441\n<\/b><br>\nZ\u00fcht\u00fcpa\u015fa Mah. M\u00fcnir Nurettin Sel\u00e7uk Cad. No:94 34724 K\u0131z\u0131ltoprak \/ Kadik\u00f6y \/ \u0130STANBUL T\u00dcRK\u0130YE<\/div>\n\t\t\t\t<\/div>\n\t\t\t\t<\/div>\n\t\t\t\t\t\t<\/div>\n\t\t\t\t\t<\/div>\n\t\t<\/div>\n\t\t\t\t<div class=\"elementor-column elementor-col-50 elementor-inner-column elementor-element elementor-element-6d51b52\" data-id=\"6d51b52\" data-element_type=\"column\">\n\t\t\t<div class=\"elementor-column-wrap elementor-element-populated\">\n\t\t\t\t\t\t\t<div class=\"elementor-widget-wrap\">\n\t\t\t\t\t\t<div class=\"elementor-element elementor-element-fa7dc6b elementor-widget elementor-widget-text-editor\" data-id=\"fa7dc6b\" data-element_type=\"widget\" data-widget_type=\"text-editor.default\">\n\t\t\t\t<div class=\"elementor-widget-container\">\n\t\t\t\t\t<div class=\"elementor-text-editor elementor-clearfix\"><strong>Telefon:<\/strong> +90 216 418 24 65\n<br>\n<strong>Faks:<\/strong> +90 216 348 25 54\n<br>\n<strong>Mail:<\/strong> info@unuvarinsaat.com.tr<\/div>\n\t\t\t\t<\/div>\n\t\t\t\t<\/div>\n\t\t\t\t\t\t<\/div>\n\t\t\t\t\t<\/div>\n\t\t<\/div>\n\t\t\t\t\t\t\t\t<\/div>\n\t\t\t\t\t<\/div>\n\t\t<\/section>\n\t\t\t\t\t\t<\/div>\n\t\t\t\t\t<\/div>\n\t\t<\/div>\n\t\t\t\t\t\t\t\t<\/div>\n\t\t\t\t\t<\/div>\n\t\t<\/section>\n\t\t\t\t\t\t<\/div>\n\t\t\t\t\t\t<\/div>\n\t\t\t\t\t<\/div>\n\t\t","protected":false},"excerpt":{"rendered":"<p>\u0446\u0435\u043d\u0442\u0440\u0430\u043b\u044c\u043d\u044b\u0439 \u043e\u0444\u0438\u0441 Z\u00fcht\u00fcpa\u015fa Mah. M\u00fcnir Nurettin Sel\u00e7uk Cad. No:94 34724 K\u0131z\u0131ltoprak \/ Kadik\u00f6y \/ \u0130STANBUL T\u00dcRK\u0130YETelefon: +90 216 418 24 65 Faks: +90 216 348 25 54 Mail: info@unuvarinsaat.com.tr<\/p>\n","protected":false},"author":1,"featured_media":0,"parent":0,"menu_order":0,"comment_status":"closed","ping_status":"closed","template":"elementor_header_footer","meta":[],"_links":{"self":[{"href":"https:\/\/unuvarinsaat.com.tr\/ru\/wp-json\/wp\/v2\/pages\/809"}],"collection":[{"href":"https:\/\/unuvarinsaat.com.tr\/ru\/wp-json\/wp\/v2\/pages"}],"about":[{"href":"https:\/\/unuvarinsaat.com.tr\/ru\/wp-json\/wp\/v2\/types\/page"}],"author":[{"embeddable":true,"href":"https:\/\/unuvarinsaat.com.tr\/ru\/wp-json\/wp\/v2\/users\/1"}],"replies":[{"embeddable":true,"href":"https:\/\/unuvarinsaat.com.tr\/ru\/wp-json\/wp\/v2\/comments?post=809"}],"version-history":[{"count":21,"href":"https:\/\/unuvarinsaat.com.tr\/ru\/wp-json\/wp\/v2\/pages\/809\/revisions"}],"predecessor-version":[{"id":4139,"href":"https:\/\/unuvarinsaat.com.tr\/ru\/wp-json\/wp\/v2\/pages\/809\/revisions\/4139"}],"wp:attachment":[{"href":"https:\/\/unuvarinsaat.com.tr\/ru\/wp-json\/wp\/v2\/media?parent=809"}],"curies":[{"name":"wp","href":"https:\/\/api.w.org\/{rel}","templated":true}]}}