{"id":390,"date":"2019-05-18T07:13:16","date_gmt":"2019-05-18T07:13:16","guid":{"rendered":"http:\/\/demo.ovathemes.com\/constrau\/?page_id=390"},"modified":"2022-04-15T07:24:00","modified_gmt":"2022-04-15T04:24:00","slug":"hakkimizda","status":"publish","type":"page","link":"https:\/\/unuvarinsaat.com.tr\/ru\/","title":{"rendered":"\u041e \u043d\u0430\u0441"},"content":{"rendered":"\t\t<div data-elementor-type=\"wp-post\" data-elementor-id=\"390\" class=\"elementor elementor-390\" data-elementor-settings=\"[]\">\n\t\t\t\t\t\t<div class=\"elementor-inner\">\n\t\t\t\t\t\t\t<div class=\"elementor-section-wrap\">\n\t\t\t\t\t\t\t<section class=\"elementor-section elementor-top-section elementor-element elementor-element-97fb3c7 elementor-section-boxed elementor-section-height-default elementor-section-height-default\" data-id=\"97fb3c7\" data-element_type=\"section\">\n\t\t\t\t\t\t<div class=\"elementor-container elementor-column-gap-default\">\n\t\t\t\t\t\t\t<div class=\"elementor-row\">\n\t\t\t\t\t<div class=\"elementor-column elementor-col-33 elementor-top-column elementor-element elementor-element-cc446a1\" data-id=\"cc446a1\" data-element_type=\"column\">\n\t\t\t<div class=\"elementor-column-wrap elementor-element-populated\">\n\t\t\t\t\t\t\t<div class=\"elementor-widget-wrap\">\n\t\t\t\t\t\t<div class=\"elementor-element elementor-element-d953c5f elementor-widget elementor-widget-image\" data-id=\"d953c5f\" data-element_type=\"widget\" data-widget_type=\"image.default\">\n\t\t\t\t<div class=\"elementor-widget-container\">\n\t\t\t\t\t<div class=\"elementor-image\">\n\t\t\t\t\t\t\t\t\t\t<img width=\"300\" height=\"300\" src=\"https:\/\/unuvarinsaat.com.tr\/ru\/wp-content\/uploads\/2020\/12\/dunya_donen1.gif\" class=\"attachment-full size-full\" alt=\"\" loading=\"lazy\" \/>\t\t\t\t\t\t\t\t\t\t\t<\/div>\n\t\t\t\t<\/div>\n\t\t\t\t<\/div>\n\t\t\t\t\t\t<\/div>\n\t\t\t\t\t<\/div>\n\t\t<\/div>\n\t\t\t\t<div class=\"elementor-column elementor-col-33 elementor-top-column elementor-element elementor-element-603d766\" data-id=\"603d766\" data-element_type=\"column\">\n\t\t\t<div class=\"elementor-column-wrap elementor-element-populated\">\n\t\t\t\t\t\t\t<div class=\"elementor-widget-wrap\">\n\t\t\t\t\t\t<div class=\"elementor-element elementor-element-8b8c841 elementor-widget elementor-widget-heading\" data-id=\"8b8c841\" data-element_type=\"widget\" data-widget_type=\"heading.default\">\n\t\t\t\t<div class=\"elementor-widget-container\">\n\t\t\t<h2 class=\"elementor-heading-title elementor-size-default\">\u0414\u043e\u0431\u0440\u043e \u043f\u043e\u0436\u0430\u043b\u043e\u0432\u0430\u0442\u044c \u043d\u0430 \u0432\u0435\u0431-\u0441\u0430\u0439\u0442 \u00dcn\u00fcvar \u0130n\u015faat...(\u0423\u041d\u042e\u0412\u0410\u0420 \u0418\u041d\u0428\u0410\u0410\u0422)\u2026<\/h2>\t\t<\/div>\n\t\t\t\t<\/div>\n\t\t\t\t<div class=\"elementor-element elementor-element-c4a6365 elementor-widget elementor-widget-text-editor\" data-id=\"c4a6365\" data-element_type=\"widget\" data-widget_type=\"text-editor.default\">\n\t\t\t\t<div class=\"elementor-widget-container\">\n\t\t\t\t\t<div class=\"elementor-text-editor elementor-clearfix\">\n\u042d\u0442\u043e \u043e\u0434\u043d\u043e \u0438\u0437 \u0445\u043e\u0440\u043e\u0448\u043e \u0437\u0430\u0440\u0435\u043a\u043e\u043c\u0435\u043d\u0434\u043e\u0432\u0430\u0432\u0448\u0438\u0445 \u0441\u0435\u0431\u044f \u043f\u0440\u0435\u0434\u043f\u0440\u0438\u044f\u0442\u0438\u0439 \u0442\u0443\u0440\u0435\u0446\u043a\u043e\u0439 \u0441\u0442\u0440\u043e\u0438\u0442\u0435\u043b\u044c\u043d\u043e\u0439 \u043e\u0442\u0440\u0430\u0441\u043b\u0438, \u043a\u043e\u0442\u043e\u0440\u043e\u0435 \u0432 \u043f\u043e\u0441\u043b\u0435\u0434\u043d\u0438\u0435 \u0433\u043e\u0434\u044b \u043f\u043e\u043b\u0443\u0447\u0438\u043b\u043e \u0440\u0430\u0437\u0432\u0438\u0442\u0438\u0435 \u0432\u043e \u0432\u0441\u0435\u043c \u043c\u0438\u0440\u0435 \u0438 \u0440\u0430\u0431\u043e\u0442\u0430\u0435\u0442 \u0441 1982 \u0433\u043e\u0434\u0430.  \n\u041e\u043d\u0430 \u0441\u0442\u0430\u043b\u0430 \u043e\u0434\u043d\u043e\u0439 \u0438\u0437 \u0438\u0437\u0432\u0435\u0441\u0442\u043d\u044b\u0445 \u043a\u043e\u043c\u043f\u0430\u043d\u0438\u0439 \u0432 \u0441\u0442\u0440\u043e\u0438\u0442\u0435\u043b\u044c\u043d\u043e\u043c \u0441\u0435\u043a\u0442\u043e\u0440\u0435 \u0441 \u0435\u0435 \u0432\u044b\u0434\u0430\u044e\u0449\u0438\u043c\u0441\u044f \u0443\u043f\u0440\u0430\u0432\u043b\u0435\u043d\u0447\u0435\u0441\u043a\u0438\u043c \u043f\u0435\u0440\u0441\u043e\u043d\u0430\u043b\u043e\u043c, \u0434\u043b\u044f \u043a\u043e\u0442\u043e\u0440\u043e\u0433\u043e \u043d\u0430\u0438\u0431\u043e\u043b\u044c\u0448\u0435\u0439 \u043e\u0442\u0437\u044b\u0432\u0447\u0438\u0432\u043e\u0441\u0442\u044c\u044e \u044f\u0432\u043b\u044f\u044e\u0442\u0441\u044f \u0432\u0440\u0435\u043c\u044f \u0438 \u043a\u0430\u0447\u0435\u0441\u0442\u0432\u043e, \u043a\u043e\u0442\u043e\u0440\u0430\u044f \u0443\u0441\u043f\u0435\u0448\u043d\u043e \u0437\u0430\u0432\u0435\u0440\u0448\u0438\u043b\u0430 \u0440\u0430\u0431\u043e\u0442\u044b, \u043a\u043e\u0442\u043e\u0440\u044b\u0435 \u043e\u043d\u0430 \u0432\u044b\u043f\u043e\u043b\u043d\u044f\u043b\u0430 \u0432 \u0433\u043e\u0441\u0443\u0434\u0430\u0440\u0441\u0442\u0432\u0435\u043d\u043d\u043e\u043c \u0438 \u0447\u0430\u0441\u0442\u043d\u043e\u043c \u0441\u0435\u043a\u0442\u043e\u0440\u0430\u0445 \u0432 \u0442\u0435\u0447\u0435\u043d\u0438\u0435 \u043c\u043d\u043e\u0433\u0438\u0445 \u043b\u0435\u0442, \u0435\u0449\u0435 \u043e\u043d\u0430 \u0441\u0442\u0430\u043b\u0430 \u0438\u0437\u0432\u0435\u0441\u0442\u043d\u043e\u0439 \u0431\u043b\u0430\u0433\u043e\u0434\u0430\u0440\u044f \u0441\u0432\u043e\u0435\u043c\u0443 \u043e\u0431\u0448\u0438\u0440\u043d\u043e\u043c\u0443 \u043c\u0430\u0448\u0438\u043d\u043d\u043e\u043c\u0443 \u043f\u0430\u0440\u043a\u0443.  \u00dcn\u00fcvar \u0130n\u015faat Sanayi ve Ticaret A.\u015e.  A\u041e (\u0423\u041d\u042e\u0412\u0410\u0420 \u0418\u041d\u0428\u0410\u0410\u0422 \u0421\u0410\u041d\u0410\u0419\u0418 \u0412\u0415 \u0422\u0418\u0414\u0416\u0410\u0420\u0415\u0422 \u0410\u041d\u041e\u041d\u0418\u041c \u0428\u0418\u0420\u041a\u0415\u0422\u0418) \u043f\u043e\u0434\u043f\u0438\u0441\u0430\u043b\u0430 \u043f\u0440\u043e\u0435\u043a\u0442\u044b \u0441\u0442\u0440\u043e\u0438\u0442\u0435\u043b\u044c\u0441\u0442\u0432\u0430 \u0441\u0438\u0441\u0442\u0435\u043c\u044b \u043b\u0435\u0433\u043a\u043e\u0440\u0435\u043b\u044c\u0441\u043e\u0432\u043e\u0433\u043e \u043e\u0431\u0449\u0435\u0441\u0442\u0432\u0435\u043d\u043d\u043e\u0433\u043e \u0442\u0440\u0430\u043d\u0441\u043f\u043e\u0440\u0442\u0430, \u043a\u043e\u0442\u043e\u0440\u044b\u0435 \u0431\u044b\u043b\u0438 \u0432\u0432\u0435\u0434\u0435\u043d\u044b \u0432 \u044d\u043a\u0441\u043f\u043b\u0443\u0430\u0442\u0430\u0446\u0438\u044e \u0438 \u043a\u043e\u0442\u043e\u0440\u044b\u0435 \u043f\u043b\u0430\u043d\u0438\u0440\u0443\u0435\u0442\u0441\u044f \u043f\u043e\u0441\u0442\u0440\u043e\u0438\u0442\u044c \u0432 \u0440\u0430\u0437\u043b\u0438\u0447\u043d\u044b\u0445 \u0447\u0430\u0441\u0442\u044f\u0445 \u0421\u0442\u0430\u043c\u0431\u0443\u043b\u0430 \u0432 \u043f\u043e\u0441\u043b\u0435\u0434\u043d\u0438\u0435 \u0433\u043e\u0434\u044b \u0434\u043b\u044f \u0440\u0435\u0448\u0435\u043d\u0438\u044f \u0442\u0440\u0430\u043d\u0441\u043f\u043e\u0440\u0442\u043d\u043e\u0439 \u043f\u0440\u043e\u0431\u043b\u0435\u043c\u044b \u0421\u0442\u0430\u043c\u0431\u0443\u043b\u0430. \u041f\u043e\u043c\u0438\u043c\u043e \u043f\u0440\u043e\u0435\u043a\u0442\u043e\u0432 \u043b\u0435\u0433\u043a\u043e\u0440\u0435\u043b\u044c\u0441\u043e\u0432\u043e\u0433\u043e \u043e\u0431\u0449\u0435\u0441\u0442\u0432\u0435\u043d\u043d\u043e\u0433\u043e \u0442\u0440\u0430\u043d\u0441\u043f\u043e\u0440\u0442\u0430, \u043d\u0430\u0448\u0430 \u043a\u043e\u043c\u043f\u0430\u043d\u0438\u044f \u0443\u0441\u043f\u0435\u0448\u043d\u043e \u0432\u044b\u043f\u043e\u043b\u043d\u0438\u043b\u0430 \u0438 \u0432\u044b\u043f\u043e\u043b\u043d\u044f\u0435\u0442 \u0434\u0435\u043a\u0443\u043f\u0430\u0436, \u0441\u0442\u0440\u043e\u0438\u0442\u0435\u043b\u044c\u0441\u0442\u0432\u043e \u043c\u0435\u0442\u0440\u043e, \u0442\u043e\u043d\u043d\u0435\u043b\u0435\u0439, \u0432\u0438\u0430\u0434\u0443\u043a\u043e\u0432, \u043c\u043e\u0441\u0442\u043e\u0432, \u0431\u043e\u043b\u044c\u043d\u0438\u0446, \u0433\u043e\u0441\u0442\u0438\u043d\u0438\u0446, \u0443\u0433\u043e\u043b\u044c\u043d\u044b\u0445 \u0433\u0430\u043b\u0435\u0440\u0435\u0439, \u0438\u043d\u0444\u0440\u0430\u0441\u0442\u0440\u0443\u043a\u0442\u0443\u0440\u044b (\u043d\u0430\u0440\u0443\u0436\u043d\u044b\u0435 \u0438\u043d\u0436\u0435\u043d\u0435\u0440\u043d\u044b\u0435 \u0441\u0435\u0442\u0438), \u043a\u0430\u043d\u0430\u043b\u0438\u0437\u0430\u0446\u0438\u0438, \u0440\u0435\u0430\u0431\u0438\u043b\u0438\u0442\u0430\u0446\u0438\u044e \u0440\u0443\u0447\u044c\u0435\u0432, \u043b\u0438\u0432\u043d\u0435\u0432\u044b\u0445 \u0438 \u0441\u0442\u043e\u0447\u043d\u044b\u0445 \u0432\u043e\u0434 \u0438 \u043c\u0430\u0441\u0441\u043e\u0432\u044b\u0445 \u0441\u043e\u043e\u0440\u0443\u0436\u0435\u043d\u0438\u0439, \u043e\u0431\u044a\u0435\u043a\u0442\u044b \u0436\u0438\u043b\u0438\u0449\u043d\u043e\u0433\u043e \u0441\u0442\u0440\u043e\u0438\u0442\u0435\u043b\u044c\u0441\u0442\u0432\u0430.\n\n<\/div>\n\t\t\t\t<\/div>\n\t\t\t\t<\/div>\n\t\t\t\t\t\t<\/div>\n\t\t\t\t\t<\/div>\n\t\t<\/div>\n\t\t\t\t<div class=\"elementor-column elementor-col-33 elementor-top-column elementor-element elementor-element-eab7485\" data-id=\"eab7485\" data-element_type=\"column\">\n\t\t\t<div class=\"elementor-column-wrap\">\n\t\t\t\t\t\t\t<div class=\"elementor-widget-wrap\">\n\t\t\t\t\t\t\t\t<\/div>\n\t\t\t\t\t<\/div>\n\t\t<\/div>\n\t\t\t\t\t\t\t\t<\/div>\n\t\t\t\t\t<\/div>\n\t\t<\/section>\n\t\t\t\t\t\t<\/div>\n\t\t\t\t\t\t<\/div>\n\t\t\t\t\t<\/div>\n\t\t","protected":false},"excerpt":{"rendered":"<p>\u0414\u043e\u0431\u0440\u043e \u043f\u043e\u0436\u0430\u043b\u043e\u0432\u0430\u0442\u044c \u043d\u0430 \u0432\u0435\u0431-\u0441\u0430\u0439\u0442 \u00dcn\u00fcvar \u0130n\u015faat&#8230;(\u0423\u041d\u042e\u0412\u0410\u0420 \u0418\u041d\u0428\u0410\u0410\u0422)\u2026 \u042d\u0442\u043e \u043e\u0434\u043d\u043e \u0438\u0437 \u0445\u043e\u0440\u043e\u0448\u043e \u0437\u0430\u0440\u0435\u043a\u043e\u043c\u0435\u043d\u0434\u043e\u0432\u0430\u0432\u0448\u0438\u0445 \u0441\u0435\u0431\u044f \u043f\u0440\u0435\u0434\u043f\u0440\u0438\u044f\u0442\u0438\u0439 \u0442\u0443\u0440\u0435\u0446\u043a\u043e\u0439 \u0441\u0442\u0440\u043e\u0438\u0442\u0435\u043b\u044c\u043d\u043e\u0439 \u043e\u0442\u0440\u0430\u0441\u043b\u0438, \u043a\u043e\u0442\u043e\u0440\u043e\u0435 \u0432 \u043f\u043e\u0441\u043b\u0435\u0434\u043d\u0438\u0435 \u0433\u043e\u0434\u044b \u043f\u043e\u043b\u0443\u0447\u0438\u043b\u043e \u0440\u0430\u0437\u0432\u0438\u0442\u0438\u0435 \u0432\u043e \u0432\u0441\u0435\u043c \u043c\u0438\u0440\u0435 \u0438 \u0440\u0430\u0431\u043e\u0442\u0430\u0435\u0442 \u0441 1982 \u0433\u043e\u0434\u0430. \u041e\u043d\u0430 \u0441\u0442\u0430\u043b\u0430 \u043e\u0434\u043d\u043e\u0439 \u0438\u0437 \u0438\u0437\u0432\u0435\u0441\u0442\u043d\u044b\u0445 \u043a\u043e\u043c\u043f\u0430\u043d\u0438\u0439 \u0432 \u0441\u0442\u0440\u043e\u0438\u0442\u0435\u043b\u044c\u043d\u043e\u043c \u0441\u0435\u043a\u0442\u043e\u0440\u0435 \u0441 \u0435\u0435 \u0432\u044b\u0434\u0430\u044e\u0449\u0438\u043c\u0441\u044f \u0443\u043f\u0440\u0430\u0432\u043b\u0435\u043d\u0447\u0435\u0441\u043a\u0438\u043c \u043f\u0435\u0440\u0441\u043e\u043d\u0430\u043b\u043e\u043c, \u0434\u043b\u044f \u043a\u043e\u0442\u043e\u0440\u043e\u0433\u043e \u043d\u0430\u0438\u0431\u043e\u043b\u044c\u0448\u0435\u0439 \u043e\u0442\u0437\u044b\u0432\u0447\u0438\u0432\u043e\u0441\u0442\u044c\u044e \u044f\u0432\u043b\u044f\u044e\u0442\u0441\u044f \u0432\u0440\u0435\u043c\u044f \u0438 \u043a\u0430\u0447\u0435\u0441\u0442\u0432\u043e, \u043a\u043e\u0442\u043e\u0440\u0430\u044f \u0443\u0441\u043f\u0435\u0448\u043d\u043e [&hellip;]<\/p>\n","protected":false},"author":1,"featured_media":495,"parent":0,"menu_order":0,"comment_status":"closed","ping_status":"closed","template":"elementor_header_footer","meta":[],"_links":{"self":[{"href":"https:\/\/unuvarinsaat.com.tr\/ru\/wp-json\/wp\/v2\/pages\/390"}],"collection":[{"href":"https:\/\/unuvarinsaat.com.tr\/ru\/wp-json\/wp\/v2\/pages"}],"about":[{"href":"https:\/\/unuvarinsaat.com.tr\/ru\/wp-json\/wp\/v2\/types\/page"}],"author":[{"embeddable":true,"href":"https:\/\/unuvarinsaat.com.tr\/ru\/wp-json\/wp\/v2\/users\/1"}],"replies":[{"embeddable":true,"href":"https:\/\/unuvarinsaat.com.tr\/ru\/wp-json\/wp\/v2\/comments?post=390"}],"version-history":[{"count":51,"href":"https:\/\/unuvarinsaat.com.tr\/ru\/wp-json\/wp\/v2\/pages\/390\/revisions"}],"predecessor-version":[{"id":4093,"href":"https:\/\/unuvarinsaat.com.tr\/ru\/wp-json\/wp\/v2\/pages\/390\/revisions\/4093"}],"wp:featuredmedia":[{"embeddable":true,"href":"https:\/\/unuvarinsaat.com.tr\/ru\/wp-json\/wp\/v2\/media\/495"}],"wp:attachment":[{"href":"https:\/\/unuvarinsaat.com.tr\/ru\/wp-json\/wp\/v2\/media?parent=390"}],"curies":[{"name":"wp","href":"https:\/\/api.w.org\/{rel}","templated":true}]}}