{"id":3028,"date":"2020-10-09T17:35:51","date_gmt":"2020-10-09T14:35:51","guid":{"rendered":"https:\/\/sosyaldizayn.com\/unuvar\/beykoz-sahil-seridi-insaati-copy\/"},"modified":"2022-04-15T08:29:33","modified_gmt":"2022-04-15T05:29:33","slug":"cengelkoy-villalari","status":"publish","type":"page","link":"https:\/\/unuvarinsaat.com.tr\/ru\/cengelkoy-villalari\/","title":{"rendered":"\u0412\u0438\u043b\u043b\u044b \u0427\u0435\u043d\u0433\u0435\u043b\u044c\u043a\u0451\u0439"},"content":{"rendered":"\t\t<div data-elementor-type=\"wp-post\" data-elementor-id=\"3028\" class=\"elementor elementor-3028\" data-elementor-settings=\"[]\">\n\t\t\t\t\t\t<div class=\"elementor-inner\">\n\t\t\t\t\t\t\t<div class=\"elementor-section-wrap\">\n\t\t\t\t\t\t\t<section class=\"elementor-section elementor-top-section elementor-element elementor-element-e5efc09 elementor-reverse-tablet elementor-reverse-mobile elementor-section-stretched elementor-section-boxed elementor-section-height-default elementor-section-height-default\" data-id=\"e5efc09\" data-element_type=\"section\" data-settings=\"{&quot;stretch_section&quot;:&quot;section-stretched&quot;}\">\n\t\t\t\t\t\t<div class=\"elementor-container elementor-column-gap-default\">\n\t\t\t\t\t\t\t<div class=\"elementor-row\">\n\t\t\t\t\t<div class=\"elementor-column elementor-col-50 elementor-top-column elementor-element elementor-element-2725117\" data-id=\"2725117\" data-element_type=\"column\">\n\t\t\t<div class=\"elementor-column-wrap elementor-element-populated\">\n\t\t\t\t\t\t\t<div class=\"elementor-widget-wrap\">\n\t\t\t\t\t\t<div class=\"elementor-element elementor-element-1dd64bb elementor-view-diger-projeler sd elementor-widget elementor-widget-ova_menu\" data-id=\"1dd64bb\" data-element_type=\"widget\" data-widget_type=\"ova_menu.default\">\n\t\t\t\t<div class=\"elementor-widget-container\">\n\t\t\t\t\t<div class=\"ova_menu_clasic\">\n\t\t\t<div class=\"ova_wrap_nav column NavBtn_left NavBtn_left\">\n\n\t\t\t\t<button class=\"ova_openNav\" type=\"button\">\n\t\t\t\t\t<span class=\"bar\">\n\t\t\t\t\t\t<span class=\"bar-menu-line\"><\/span>\n\t\t\t\t\t\t<span class=\"bar-menu-line\"><\/span>\n\t\t\t\t\t\t<span class=\"bar-menu-line\"><\/span>\n\t\t\t\t\t<\/span>\n\t\t\t\t<\/button>\n\n\t\t\t\t<div class=\"ova_nav canvas_left canvas_bg_gray\">\n\t\t\t\t\t<a href=\"javascript:void(0)\" class=\"ova_closeNav\"><i class=\"fas fa-times\"><\/i><\/a>\n\t\t\t\t\t<ul id=\"menu-diger-projeler\" class=\"menu sub_menu_dir_left\"><li id=\"menu-item-3072\" class=\"menu-item menu-item-type-post_type menu-item-object-page menu-item-3072\"><a title=\"\u0421\u0442\u0440\u043e\u0438\u0442\u0435\u043b\u044c\u0441\u0442\u0432\u043e \u043e\u0442\u0435\u043b\u044f Unsaphire\" href=\"https:\/\/unuvarinsaat.com.tr\/ru\/unsaphire-hotelin-insaati\/\">\u0421\u0442\u0440\u043e\u0438\u0442\u0435\u043b\u044c\u0441\u0442\u0432\u043e \u043e\u0442\u0435\u043b\u044f Unsaphire<\/a><\/li>\n<li id=\"menu-item-3071\" class=\"menu-item menu-item-type-post_type menu-item-object-page menu-item-3071\"><a title=\"\u0414\u043e\u043c \u043f\u0440\u0430\u0432\u0438\u0442\u0435\u043b\u044c\u0441\u0442\u0432\u0430 \u0424\u0430\u0442\u0438\u0445\" href=\"https:\/\/unuvarinsaat.com.tr\/ru\/fatih-hukumet-konagi\/\">\u0414\u043e\u043c \u043f\u0440\u0430\u0432\u0438\u0442\u0435\u043b\u044c\u0441\u0442\u0432\u0430 \u0424\u0430\u0442\u0438\u0445<\/a><\/li>\n<li id=\"menu-item-3074\" class=\"menu-item menu-item-type-post_type menu-item-object-page menu-item-3074\"><a title=\"\u0412\u0438\u043b\u043b\u044b \u0427\u0435\u043d\u0433\u0435\u043b\u044c\u043a\u0451\u0439\" href=\"https:\/\/unuvarinsaat.com.tr\/ru\/cengelkoy-villalari\/\">\u0412\u0438\u043b\u043b\u044b \u0427\u0435\u043d\u0433\u0435\u043b\u044c\u043a\u0451\u0439<\/a><\/li>\n<li id=\"menu-item-3075\" class=\"menu-item menu-item-type-post_type menu-item-object-page menu-item-3075\"><a title=\"\u0421\u0442\u0440\u043e\u0438\u0442\u0435\u043b\u044c\u0441\u0442\u0432\u043e \u0432\u0438\u043b\u043b Tarabya \u00c7aml\u0131k\" href=\"https:\/\/unuvarinsaat.com.tr\/ru\/tarabya-camlik-villa-insaati\/\">\u0421\u0442\u0440\u043e\u0438\u0442\u0435\u043b\u044c\u0441\u0442\u0432\u043e \u0432\u0438\u043b\u043b Tarabya \u00c7aml\u0131k<\/a><\/li>\n<li id=\"menu-item-3078\" class=\"menu-item menu-item-type-post_type menu-item-object-page menu-item-3078\"><a title=\"\u0421\u0442\u0440\u043e\u0438\u0442\u0435\u043b\u044c\u0441\u0442\u0432\u043e \u0441\u043f\u043e\u0440\u0442\u0438\u0432\u043d\u043e\u0433\u043e \u0437\u0430\u043b\u0430 \u00ab\u041c\u0435\u0442\u0438\u043d \u041e\u043a\u0442\u0430\u0439\u00bb \u0438 \u043f\u043b\u0430\u0432\u0430\u0442\u0435\u043b\u044c\u043d\u043e\u0433\u043e \u0431\u0430\u0441\u0441\u0435\u0439\u043d\u0430\" href=\"https:\/\/unuvarinsaat.com.tr\/ru\/metin-oktay-spor-salonu-ve-yuzme-havuzu-insaati\/\">\u0421\u0442\u0440\u043e\u0438\u0442\u0435\u043b\u044c\u0441\u0442\u0432\u043e \u0441\u043f\u043e\u0440\u0442\u0438\u0432\u043d\u043e\u0433\u043e \u0437\u0430\u043b\u0430 \u00ab\u041c\u0435\u0442\u0438\u043d \u041e\u043a\u0442\u0430\u0439\u00bb \u0438 \u043f\u043b\u0430\u0432\u0430\u0442\u0435\u043b\u044c\u043d\u043e\u0433\u043e \u0431\u0430\u0441\u0441\u0435\u0439\u043d\u0430<\/a><\/li>\n<li id=\"menu-item-3079\" class=\"menu-item menu-item-type-post_type menu-item-object-page menu-item-3079\"><a title=\"\u0421\u0442\u0440\u043e\u0438\u0442\u0435\u043b\u044c\u0441\u0442\u0432\u043e \u0433\u043e\u043b\u043e\u0432\u043d\u043e\u0433\u043e \u043e\u0444\u0438\u0441\u0430\" href=\"https:\/\/unuvarinsaat.com.tr\/ru\/merkez-ofis-insaati\/\">\u0421\u0442\u0440\u043e\u0438\u0442\u0435\u043b\u044c\u0441\u0442\u0432\u043e \u0433\u043e\u043b\u043e\u0432\u043d\u043e\u0433\u043e \u043e\u0444\u0438\u0441\u0430<\/a><\/li>\n<li id=\"menu-item-3080\" class=\"menu-item menu-item-type-post_type menu-item-object-page menu-item-3080\"><a title=\"\u0421\u0442\u0440\u043e\u0438\u0442\u0435\u043b\u044c\u0441\u0442\u0432\u043e \u0431\u043e\u043b\u044c\u043d\u0438\u0446\u044b \u0425\u0430\u0439\u0434\u0430\u0440\u043f\u0430\u0448\u0430 \u041d\u0443\u043c\u0443\u043d\u0435\" href=\"https:\/\/unuvarinsaat.com.tr\/ru\/hastane-insaatlari\/\">\u0421\u0442\u0440\u043e\u0438\u0442\u0435\u043b\u044c\u0441\u0442\u0432\u043e \u0431\u043e\u043b\u044c\u043d\u0438\u0446\u044b \u0425\u0430\u0439\u0434\u0430\u0440\u043f\u0430\u0448\u0430 \u041d\u0443\u043c\u0443\u043d\u0435<\/a><\/li>\n<li id=\"menu-item-3473\" class=\"menu-item menu-item-type-post_type menu-item-object-page menu-item-3473\"><a title=\"\u0413\u043e\u0441\u043f\u0438\u0442\u0430\u043b\u044c \u0421\u0438\u0440\u0438\u0438 \u0432 \u0414\u0430\u043c\u0430\u0441\u043a\u0435\" href=\"https:\/\/unuvarinsaat.com.tr\/ru\/suriye-hastane\/\">\u0413\u043e\u0441\u043f\u0438\u0442\u0430\u043b\u044c \u0421\u0438\u0440\u0438\u0438 \u0432 \u0414\u0430\u043c\u0430\u0441\u043a\u0435<\/a><\/li>\n<li id=\"menu-item-3081\" class=\"menu-item menu-item-type-post_type menu-item-object-page menu-item-3081\"><a title=\"\u0427\u0430\u0441\u0442\u043d\u044b\u0435 \u0440\u0435\u0437\u0438\u0434\u0435\u043d\u0446\u0438\u0438\" href=\"https:\/\/unuvarinsaat.com.tr\/ru\/ozel-konutlar\/\">\u0427\u0430\u0441\u0442\u043d\u044b\u0435 \u0440\u0435\u0437\u0438\u0434\u0435\u043d\u0446\u0438\u0438<\/a><\/li>\n<li id=\"menu-item-3579\" class=\"menu-item menu-item-type-post_type menu-item-object-page menu-item-3579\"><a title=\"\u041a\u0443\u0432\u0435\u0439\u0442\u0441\u043a\u0438\u0439 \u043f\u0440\u043e\u0435\u043a\u0442 \u0437\u0434\u0430\u043d\u0438\u0439 \u0448\u043a\u043e\u043b\u044b\" href=\"https:\/\/unuvarinsaat.com.tr\/ru\/kuveyt-okul-projesi\/\">\u041a\u0443\u0432\u0435\u0439\u0442\u0441\u043a\u0438\u0439 \u043f\u0440\u043e\u0435\u043a\u0442 \u0437\u0434\u0430\u043d\u0438\u0439 \u0448\u043a\u043e\u043b\u044b<\/a><\/li>\n<li id=\"menu-item-4002\" class=\"menu-item menu-item-type-post_type menu-item-object-page menu-item-4002\"><a title=\"\u0412\u0438\u043b\u043b\u044b \u0438 \u0436\u0438\u043b\u043e\u0439 \u043a\u043e\u043c\u043f\u043b\u0435\u043a\u0441 S\u00f6ke\" href=\"https:\/\/unuvarinsaat.com.tr\/ru\/soke-villalari-ve-yasam-kompleksi\/\">\u0412\u0438\u043b\u043b\u044b \u0438 \u0436\u0438\u043b\u043e\u0439 \u043a\u043e\u043c\u043f\u043b\u0435\u043a\u0441 S\u00f6ke<\/a><\/li>\n<li id=\"menu-item-4003\" class=\"menu-item menu-item-type-post_type menu-item-object-page menu-item-4003\"><a title=\"\u0417\u0434\u0430\u043d\u0438\u0435 \u0441\u0443\u0434\u0435\u0431\u043d\u043e\u0439 \u043c\u0435\u0434\u0438\u0446\u0438\u043d\u044b \u0432 \u0421\u0442\u0430\u043c\u0431\u0443\u043b\u0435\" href=\"https:\/\/unuvarinsaat.com.tr\/ru\/istanbul-adli-tip-binasi\/\">\u0417\u0434\u0430\u043d\u0438\u0435 \u0441\u0443\u0434\u0435\u0431\u043d\u043e\u0439 \u043c\u0435\u0434\u0438\u0446\u0438\u043d\u044b \u0432 \u0421\u0442\u0430\u043c\u0431\u0443\u043b\u0435<\/a><\/li>\n<li id=\"menu-item-4004\" class=\"menu-item menu-item-type-post_type menu-item-object-page menu-item-4004\"><a title=\"\u0420\u0430\u0431\u043e\u0442\u044b \u043f\u043e\u0433\u0440\u0430\u043d\u0438\u0447\u043d\u044b\u0445 \u0432\u043e\u0440\u043e\u0442 \u043d\u0430 \u0433\u0440\u0430\u043d\u0438\u0446\u0435 \u042d\u0434\u0438\u0440\u043d\u0435\" href=\"https:\/\/unuvarinsaat.com.tr\/ru\/fatih-hukumet-konagi-copy\/\">\u0420\u0430\u0431\u043e\u0442\u044b \u043f\u043e\u0433\u0440\u0430\u043d\u0438\u0447\u043d\u044b\u0445 \u0432\u043e\u0440\u043e\u0442 \u043d\u0430 \u0433\u0440\u0430\u043d\u0438\u0446\u0435 \u042d\u0434\u0438\u0440\u043d\u0435<\/a><\/li>\n<\/ul>\t\t\t\t<\/div>\n\n\t\t\t\t<div class=\"ova_closeCanvas ova_closeNav\"><\/div>\n\t\t\t<\/div>\n\t\t<\/div>\n\t\t\n\t\t\n\n\t\t\t<\/div>\n\t\t\t\t<\/div>\n\t\t\t\t\t\t<\/div>\n\t\t\t\t\t<\/div>\n\t\t<\/div>\n\t\t\t\t<div class=\"elementor-column elementor-col-50 elementor-top-column elementor-element elementor-element-2030e83\" data-id=\"2030e83\" data-element_type=\"column\">\n\t\t\t<div class=\"elementor-column-wrap elementor-element-populated\">\n\t\t\t\t\t\t\t<div class=\"elementor-widget-wrap\">\n\t\t\t\t\t\t<div class=\"elementor-element elementor-element-4798e8f elementor-widget elementor-widget-heading\" data-id=\"4798e8f\" data-element_type=\"widget\" data-widget_type=\"heading.default\">\n\t\t\t\t<div class=\"elementor-widget-container\">\n\t\t\t<h1 class=\"elementor-heading-title elementor-size-default\">\u0412\u0438\u043b\u043b\u044b \u0427\u0435\u043d\u0433\u0435\u043b\u044c\u043a\u0451\u0439<\/h1>\t\t<\/div>\n\t\t\t\t<\/div>\n\t\t\t\t<section class=\"elementor-section elementor-inner-section elementor-element elementor-element-ff44553 elementor-section-boxed elementor-section-height-default elementor-section-height-default\" data-id=\"ff44553\" data-element_type=\"section\">\n\t\t\t\t\t\t<div class=\"elementor-container elementor-column-gap-default\">\n\t\t\t\t\t\t\t<div class=\"elementor-row\">\n\t\t\t\t\t<div class=\"elementor-column elementor-col-50 elementor-inner-column elementor-element elementor-element-6992bda\" data-id=\"6992bda\" data-element_type=\"column\">\n\t\t\t<div class=\"elementor-column-wrap elementor-element-populated\">\n\t\t\t\t\t\t\t<div class=\"elementor-widget-wrap\">\n\t\t\t\t\t\t<div class=\"elementor-element elementor-element-f24076c elementor-widget elementor-widget-text-editor\" data-id=\"f24076c\" data-element_type=\"widget\" data-widget_type=\"text-editor.default\">\n\t\t\t\t<div class=\"elementor-widget-container\">\n\t\t\t\t\t<div class=\"elementor-text-editor elementor-clearfix\">\t\t \t<div class=\"item\">            \n\t        \t<div class=\"clearfix\" >\n\n\t\t\t \t\t            \t<ul id=\"gwts-gwl-img-gallery3319\" class=\"gwts-gwl-slidergal list-unstyled cS-hidden\" data-litebx=\"true\">\n\t\t\t\t        \t\t\t\t\t \t\t<li data-thumb=\"https:\/\/unuvarinsaat.com.tr\/ru\/wp-content\/uploads\/2020\/10\/04112008133652-150x150.jpg\" data-responsive=\"https:\/\/unuvarinsaat.com.tr\/ru\/wp-content\/uploads\/2020\/10\/04112008133652-150x150.jpg\" data-src=\"https:\/\/unuvarinsaat.com.tr\/ru\/wp-content\/uploads\/2020\/10\/04112008133652.jpg\"> \n\t\t                    \t<img src=\"https:\/\/unuvarinsaat.com.tr\/ru\/wp-content\/uploads\/2020\/10\/04112008133652.jpg\" alt=\"\"\/>\n\t\t                    <\/li>\n\t\t\t\t\t \t\t\t\t\t\t \t\t<li data-thumb=\"https:\/\/unuvarinsaat.com.tr\/ru\/wp-content\/uploads\/2020\/10\/04112008134244-150x150.jpg\" data-responsive=\"https:\/\/unuvarinsaat.com.tr\/ru\/wp-content\/uploads\/2020\/10\/04112008134244-150x150.jpg\" data-src=\"https:\/\/unuvarinsaat.com.tr\/ru\/wp-content\/uploads\/2020\/10\/04112008134244.jpg\"> \n\t\t                    \t<img src=\"https:\/\/unuvarinsaat.com.tr\/ru\/wp-content\/uploads\/2020\/10\/04112008134244.jpg\" alt=\"\"\/>\n\t\t                    <\/li>\n\t\t\t\t\t \t\t\t\t\t\t \t\t<li data-thumb=\"https:\/\/unuvarinsaat.com.tr\/ru\/wp-content\/uploads\/2020\/10\/04112008134312-150x150.jpg\" data-responsive=\"https:\/\/unuvarinsaat.com.tr\/ru\/wp-content\/uploads\/2020\/10\/04112008134312-150x150.jpg\" data-src=\"https:\/\/unuvarinsaat.com.tr\/ru\/wp-content\/uploads\/2020\/10\/04112008134312.jpg\"> \n\t\t                    \t<img src=\"https:\/\/unuvarinsaat.com.tr\/ru\/wp-content\/uploads\/2020\/10\/04112008134312.jpg\" alt=\"\"\/>\n\t\t                    <\/li>\n\t\t\t\t\t \t\t\t\t\t\t \t\t<li data-thumb=\"https:\/\/unuvarinsaat.com.tr\/ru\/wp-content\/uploads\/2020\/10\/25092008152956-150x150.jpg\" data-responsive=\"https:\/\/unuvarinsaat.com.tr\/ru\/wp-content\/uploads\/2020\/10\/25092008152956-150x150.jpg\" data-src=\"https:\/\/unuvarinsaat.com.tr\/ru\/wp-content\/uploads\/2020\/10\/25092008152956.jpg\"> \n\t\t                    \t<img src=\"https:\/\/unuvarinsaat.com.tr\/ru\/wp-content\/uploads\/2020\/10\/25092008152956.jpg\" alt=\"\"\/>\n\t\t                    <\/li>\n\t\t\t\t\t \t\t\t\t\t\t \t\t<li data-thumb=\"https:\/\/unuvarinsaat.com.tr\/ru\/wp-content\/uploads\/2020\/10\/IMG-20220419-WA0005-150x150.jpg\" data-responsive=\"https:\/\/unuvarinsaat.com.tr\/ru\/wp-content\/uploads\/2020\/10\/IMG-20220419-WA0005-150x150.jpg\" data-src=\"https:\/\/unuvarinsaat.com.tr\/ru\/wp-content\/uploads\/2020\/10\/IMG-20220419-WA0005.jpg\"> \n\t\t                    \t<img src=\"https:\/\/unuvarinsaat.com.tr\/ru\/wp-content\/uploads\/2020\/10\/IMG-20220419-WA0005.jpg\" alt=\"\"\/>\n\t\t                    <\/li>\n\t\t\t\t\t \t\t\t\t\t\t \t\t<li data-thumb=\"https:\/\/unuvarinsaat.com.tr\/ru\/wp-content\/uploads\/2020\/10\/IMG-20220419-WA0006-150x150.jpg\" data-responsive=\"https:\/\/unuvarinsaat.com.tr\/ru\/wp-content\/uploads\/2020\/10\/IMG-20220419-WA0006-150x150.jpg\" data-src=\"https:\/\/unuvarinsaat.com.tr\/ru\/wp-content\/uploads\/2020\/10\/IMG-20220419-WA0006.jpg\"> \n\t\t                    \t<img src=\"https:\/\/unuvarinsaat.com.tr\/ru\/wp-content\/uploads\/2020\/10\/IMG-20220419-WA0006.jpg\" alt=\"\"\/>\n\t\t                    <\/li>\n\t\t\t\t\t \t\t\t\t\t\t \t\t<li data-thumb=\"https:\/\/unuvarinsaat.com.tr\/ru\/wp-content\/uploads\/2020\/10\/25092008153003-150x150.jpg\" data-responsive=\"https:\/\/unuvarinsaat.com.tr\/ru\/wp-content\/uploads\/2020\/10\/25092008153003-150x150.jpg\" data-src=\"https:\/\/unuvarinsaat.com.tr\/ru\/wp-content\/uploads\/2020\/10\/25092008153003.jpg\"> \n\t\t                    \t<img src=\"https:\/\/unuvarinsaat.com.tr\/ru\/wp-content\/uploads\/2020\/10\/25092008153003.jpg\" alt=\"\"\/>\n\t\t                    <\/li>\n\t\t\t\t\t \t\t\t\t\t\t \t\t<li data-thumb=\"https:\/\/unuvarinsaat.com.tr\/ru\/wp-content\/uploads\/2020\/10\/25092008153010-1-150x150.jpg\" data-responsive=\"https:\/\/unuvarinsaat.com.tr\/ru\/wp-content\/uploads\/2020\/10\/25092008153010-1-150x150.jpg\" data-src=\"https:\/\/unuvarinsaat.com.tr\/ru\/wp-content\/uploads\/2020\/10\/25092008153010-1.jpg\"> \n\t\t                    \t<img src=\"https:\/\/unuvarinsaat.com.tr\/ru\/wp-content\/uploads\/2020\/10\/25092008153010-1.jpg\" alt=\"\"\/>\n\t\t                    <\/li>\n\t\t\t\t\t \t\t\t\t\t\t \t\t<li data-thumb=\"https:\/\/unuvarinsaat.com.tr\/ru\/wp-content\/uploads\/2020\/10\/25092008153022-150x150.jpg\" data-responsive=\"https:\/\/unuvarinsaat.com.tr\/ru\/wp-content\/uploads\/2020\/10\/25092008153022-150x150.jpg\" data-src=\"https:\/\/unuvarinsaat.com.tr\/ru\/wp-content\/uploads\/2020\/10\/25092008153022.jpg\"> \n\t\t                    \t<img src=\"https:\/\/unuvarinsaat.com.tr\/ru\/wp-content\/uploads\/2020\/10\/25092008153022.jpg\" alt=\"\"\/>\n\t\t                    <\/li>\n\t\t\t\t\t \t\t\t\t\t\t \t\t<li data-thumb=\"https:\/\/unuvarinsaat.com.tr\/ru\/wp-content\/uploads\/2020\/10\/25092008153039-150x150.jpg\" data-responsive=\"https:\/\/unuvarinsaat.com.tr\/ru\/wp-content\/uploads\/2020\/10\/25092008153039-150x150.jpg\" data-src=\"https:\/\/unuvarinsaat.com.tr\/ru\/wp-content\/uploads\/2020\/10\/25092008153039.jpg\"> \n\t\t                    \t<img src=\"https:\/\/unuvarinsaat.com.tr\/ru\/wp-content\/uploads\/2020\/10\/25092008153039.jpg\" alt=\"\"\/>\n\t\t                    <\/li>\n\t\t\t\t\t \t\t\t\t\t\t<\/ul>\n\t\t\t\t<\/div>\n\t\t\t<\/div>\t\t\t\t\n\t\t\t\t\t\t\t<script>\n\t\t    \tjQuery(document).ready(function() {\n\t\t            jQuery('#gwts-gwl-img-gallery3319').lightSlider({\n\t\t                item:1,\t\t                \n\t\t                slideMargin:10,\n\t\t                addClass:'',\n\t\t                speed:1000,\n\t\t                pause:2000,\n\t\t                auto:false,\n\t\t                loop:true,\n\t\t                pager:true,\n\t\t                gallery:true,\n\t\t                thumbItem:9,\n\t    \t\t\t\tcontrols:true,\n\t    \t\t\t\tuseCSS: true,\n\t        \t\t\tcssEasing: 'ease',\n\t        \t\t\teasing: 'linear',\n\t        \t\t\tkeyPress: false,\n\t        \t\t\tslideEndAnimation: true,\n\t        \t\t\tswipeThreshold: 40,        \t\t\t\n\t\t                onSliderLoad: function(el) {\n\t\t                    jQuery('#gwts-gwl-img-gallery3319').removeClass('cS-hidden');\n\t\t                    jQuery('#gwts-gwl-img-gallery3319').addClass('gwts-loaded');\n\t\t\t\t\t\t\tvar maxHeight = 0,\n\t\t\t\t\t\t\tcontainer = jQuery(el),\n\t\t\t\t\t\t\tchildren = container.children();\n\n\t\t\t\t\t\t\tchildren.each(function () {\n\t\t\t\t\t\t\tvar childHeight = jQuery(this).height();\n\t\t\t\t\t\t\tif (childHeight > maxHeight) {\n\t\t\t\t\t\t\tmaxHeight = childHeight;\n\t\t\t\t\t\t\t}\n\t\t\t\t\t\t\t});\n\t\t\t\t\t\t\tcontainer.height(maxHeight);\n\t\t\t\t\t\t\t\n\t\t\t\t\t\t\tvar lithbox = jQuery('#gwts-gwl-img-gallery3319').attr(\"data-litebx\");\n\t\t\t\t\t\t\tif(lithbox=='true'){\n\t\t\t\t\t\t\t\tel.lightGallery({\n\t\t\t\t\t                selector: '#gwts-gwl-img-gallery3319 .lslide'\n\t\t\t\t\t            });\n\t\t\t\t\t\t\t}\t\n\t\t                }  \n\t\t\t        });\n\t\t\t\t});\n\t\t    \t<\/script>\n\n\t\t \n<\/div>\n\t\t\t\t<\/div>\n\t\t\t\t<\/div>\n\t\t\t\t\t\t<\/div>\n\t\t\t\t\t<\/div>\n\t\t<\/div>\n\t\t\t\t<div class=\"elementor-column elementor-col-50 elementor-inner-column elementor-element elementor-element-ea99aee\" data-id=\"ea99aee\" data-element_type=\"column\">\n\t\t\t<div class=\"elementor-column-wrap\">\n\t\t\t\t\t\t\t<div class=\"elementor-widget-wrap\">\n\t\t\t\t\t\t\t\t<\/div>\n\t\t\t\t\t<\/div>\n\t\t<\/div>\n\t\t\t\t\t\t\t\t<\/div>\n\t\t\t\t\t<\/div>\n\t\t<\/section>\n\t\t\t\t\t\t<\/div>\n\t\t\t\t\t<\/div>\n\t\t<\/div>\n\t\t\t\t\t\t\t\t<\/div>\n\t\t\t\t\t<\/div>\n\t\t<\/section>\n\t\t\t\t\t\t<\/div>\n\t\t\t\t\t\t<\/div>\n\t\t\t\t\t<\/div>\n\t\t","protected":false},"excerpt":{"rendered":"<p>\u00dcnsaphire Hotel \u0130n\u015faat\u0131 \u0414\u043e\u043c \u043f\u0440\u0430\u0432\u0438\u0442\u0435\u043b\u044c\u0441\u0442\u0432\u0430 \u0424\u0430\u0442\u0438\u0445 \u0412\u0438\u043b\u043b\u044b \u0427\u0435\u043d\u0433\u0435\u043b\u044c\u043a\u0451\u0439 Tarabya \u00c7aml\u0131k Villalar \u0130n\u015faat\u0131 Metin Oktay Spor Salonu ve Y\u00fczme Havuzu \u0130n\u015faat\u0131 Merkez Ofis \u0130n\u015faat\u0131 Haydarpa\u015fa Numune Hastanesi \u0130n\u015faat\u0131 Suriye \u015eam Hastanesi \u00d6zel Konutlar Kuveyt Okul Projesi S\u00f6ke Villalar\u0131 Ve Ya\u015fam Kompleksi \u0130stanbul Adli T\u0131p Binas\u0131 Edirne S\u0131n\u0131r Kap\u0131s\u0131 \u0130\u015fleri \u0412\u0438\u043b\u043b\u044b \u0427\u0435\u043d\u0433\u0435\u043b\u044c\u043a\u0451\u0439<\/p>\n","protected":false},"author":1,"featured_media":0,"parent":0,"menu_order":0,"comment_status":"closed","ping_status":"closed","template":"elementor_header_footer","meta":[],"_links":{"self":[{"href":"https:\/\/unuvarinsaat.com.tr\/ru\/wp-json\/wp\/v2\/pages\/3028"}],"collection":[{"href":"https:\/\/unuvarinsaat.com.tr\/ru\/wp-json\/wp\/v2\/pages"}],"about":[{"href":"https:\/\/unuvarinsaat.com.tr\/ru\/wp-json\/wp\/v2\/types\/page"}],"author":[{"embeddable":true,"href":"https:\/\/unuvarinsaat.com.tr\/ru\/wp-json\/wp\/v2\/users\/1"}],"replies":[{"embeddable":true,"href":"https:\/\/unuvarinsaat.com.tr\/ru\/wp-json\/wp\/v2\/comments?post=3028"}],"version-history":[{"count":8,"href":"https:\/\/unuvarinsaat.com.tr\/ru\/wp-json\/wp\/v2\/pages\/3028\/revisions"}],"predecessor-version":[{"id":4152,"href":"https:\/\/unuvarinsaat.com.tr\/ru\/wp-json\/wp\/v2\/pages\/3028\/revisions\/4152"}],"wp:attachment":[{"href":"https:\/\/unuvarinsaat.com.tr\/ru\/wp-json\/wp\/v2\/media?parent=3028"}],"curies":[{"name":"wp","href":"https:\/\/api.w.org\/{rel}","templated":true}]}}