{"id":3005,"date":"2020-10-09T17:29:21","date_gmt":"2020-10-09T14:29:21","guid":{"rendered":"https:\/\/sosyaldizayn.com\/unuvar\/eminonu-kabatas-hatti-copy-2\/"},"modified":"2022-04-15T07:42:59","modified_gmt":"2022-04-15T04:42:59","slug":"pendik-deresi-islah-insaati","status":"publish","type":"page","link":"https:\/\/unuvarinsaat.com.tr\/ru\/pendik-deresi-islah-insaati\/","title":{"rendered":"\u0421\u0442\u0440\u043e\u0438\u0442\u0435\u043b\u044c\u0441\u0442\u0432\u043e \u0443\u043b\u0443\u0447\u0448\u0435\u043d\u0438\u044f \u0440\u0443\u0447\u044c\u044f \u041f\u0435\u043d\u0434\u0438\u043a"},"content":{"rendered":"\t\t<div data-elementor-type=\"wp-post\" data-elementor-id=\"3005\" class=\"elementor elementor-3005\" data-elementor-settings=\"[]\">\n\t\t\t\t\t\t<div class=\"elementor-inner\">\n\t\t\t\t\t\t\t<div class=\"elementor-section-wrap\">\n\t\t\t\t\t\t\t<section class=\"elementor-section elementor-top-section elementor-element elementor-element-624760a elementor-reverse-tablet elementor-reverse-mobile elementor-section-stretched elementor-section-boxed elementor-section-height-default elementor-section-height-default\" data-id=\"624760a\" data-element_type=\"section\" data-settings=\"{&quot;stretch_section&quot;:&quot;section-stretched&quot;}\">\n\t\t\t\t\t\t<div class=\"elementor-container elementor-column-gap-default\">\n\t\t\t\t\t\t\t<div class=\"elementor-row\">\n\t\t\t\t\t<div class=\"elementor-column elementor-col-50 elementor-top-column elementor-element elementor-element-54b0ad4\" data-id=\"54b0ad4\" data-element_type=\"column\">\n\t\t\t<div class=\"elementor-column-wrap elementor-element-populated\">\n\t\t\t\t\t\t\t<div class=\"elementor-widget-wrap\">\n\t\t\t\t\t\t<div class=\"elementor-element elementor-element-bfa2f31 elementor-view-alt-yapi-projeleri sd elementor-widget elementor-widget-ova_menu\" data-id=\"bfa2f31\" data-element_type=\"widget\" data-widget_type=\"ova_menu.default\">\n\t\t\t\t<div class=\"elementor-widget-container\">\n\t\t\t\t\t<div class=\"ova_menu_clasic\">\n\t\t\t<div class=\"ova_wrap_nav column NavBtn_left NavBtn_left\">\n\n\t\t\t\t<button class=\"ova_openNav\" type=\"button\">\n\t\t\t\t\t<span class=\"bar\">\n\t\t\t\t\t\t<span class=\"bar-menu-line\"><\/span>\n\t\t\t\t\t\t<span class=\"bar-menu-line\"><\/span>\n\t\t\t\t\t\t<span class=\"bar-menu-line\"><\/span>\n\t\t\t\t\t<\/span>\n\t\t\t\t<\/button>\n\n\t\t\t\t<div class=\"ova_nav canvas_left canvas_bg_gray\">\n\t\t\t\t\t<a href=\"javascript:void(0)\" class=\"ova_closeNav\"><i class=\"fas fa-times\"><\/i><\/a>\n\t\t\t\t\t<ul id=\"menu-alt-yapi-projeleri\" class=\"menu sub_menu_dir_left\"><li id=\"menu-item-3064\" class=\"menu-item menu-item-type-post_type menu-item-object-page menu-item-3064\"><a title=\"\u041f\u0440\u043e\u0441\u043f\u0435\u043a\u0442 \u042f\u043a\u0430\u0436\u044b\u043a \u0421\u043f\u043e\u0440\u0442, \u0421\u0442\u0440\u043e\u0438\u0442\u0435\u043b\u044c\u0441\u0442\u0432\u043e \u0434\u043e\u0440\u043e\u0433 \u0438 \u043e\u0431\u0449\u0435\u0439 \u0438\u043d\u0444\u0440\u0430\u0441\u0442\u0440\u0443\u043a\u0442\u0443\u0440\u044b (\u043d\u0430\u0440\u0443\u0436\u043d\u044b\u0435 \u0438\u043d\u0436\u0435\u043d\u0435\u0440\u043d\u044b\u0435 \u0441\u0435\u0442\u0438) \u0438 \u043e\u043f\u043e\u043b\u0437\u043d\u0435\u0432\u0430\u044f \u0437\u043e\u043d\u0430.\" href=\"https:\/\/unuvarinsaat.com.tr\/ru\/yakacik-spor-caddesi-yol-ve-ortak-altyapi-insaati-ve-heyelan-bolgesi\/\">\u041f\u0440\u043e\u0441\u043f\u0435\u043a\u0442 \u042f\u043a\u0430\u0436\u044b\u043a \u0421\u043f\u043e\u0440\u0442, \u0421\u0442\u0440\u043e\u0438\u0442\u0435\u043b\u044c\u0441\u0442\u0432\u043e \u0434\u043e\u0440\u043e\u0433 \u0438 \u043e\u0431\u0449\u0435\u0439 \u0438\u043d\u0444\u0440\u0430\u0441\u0442\u0440\u0443\u043a\u0442\u0443\u0440\u044b (\u043d\u0430\u0440\u0443\u0436\u043d\u044b\u0435 \u0438\u043d\u0436\u0435\u043d\u0435\u0440\u043d\u044b\u0435 \u0441\u0435\u0442\u0438) \u0438 \u043e\u043f\u043e\u043b\u0437\u043d\u0435\u0432\u0430\u044f \u0437\u043e\u043d\u0430.<\/a><\/li>\n<li id=\"menu-item-3065\" class=\"menu-item menu-item-type-post_type menu-item-object-page menu-item-3065\"><a title=\"\u0421\u0442\u0440\u043e\u0438\u0442\u0435\u043b\u044c\u0441\u0442\u0432\u043e \u0443\u043b\u0443\u0447\u0448\u0435\u043d\u0438\u044f \u0440\u0443\u0447\u044c\u044f \u041f\u0435\u043d\u0434\u0438\u043a\" href=\"https:\/\/unuvarinsaat.com.tr\/ru\/pendik-deresi-islah-insaati\/\">\u0421\u0442\u0440\u043e\u0438\u0442\u0435\u043b\u044c\u0441\u0442\u0432\u043e \u0443\u043b\u0443\u0447\u0448\u0435\u043d\u0438\u044f \u0440\u0443\u0447\u044c\u044f \u041f\u0435\u043d\u0434\u0438\u043a<\/a><\/li>\n<li id=\"menu-item-3067\" class=\"menu-item menu-item-type-post_type menu-item-object-page menu-item-3067\"><a title=\"\u0421\u0442\u0440\u043e\u0438\u0442\u0435\u043b\u044c\u0441\u0442\u0432\u043e \u0434\u043e\u0440\u043e\u0433 \u043d\u0430 \u0443\u043b\u0438\u0446\u0435 \u041c. \u041a\u0435\u043c\u0430\u043b\u044c, \u0440\u0430\u0439\u043e\u043d \u041a\u0430\u0440\u0442\u0430\u043b.\" href=\"https:\/\/unuvarinsaat.com.tr\/ru\/kartal-m-kemal-caddesi-yol-insaati\/\">\u0421\u0442\u0440\u043e\u0438\u0442\u0435\u043b\u044c\u0441\u0442\u0432\u043e \u0434\u043e\u0440\u043e\u0433 \u043d\u0430 \u0443\u043b\u0438\u0446\u0435 \u041c. \u041a\u0435\u043c\u0430\u043b\u044c, \u0440\u0430\u0439\u043e\u043d \u041a\u0430\u0440\u0442\u0430\u043b.<\/a><\/li>\n<li id=\"menu-item-3068\" class=\"menu-item menu-item-type-post_type menu-item-object-page menu-item-3068\"><a title=\"\u0421\u0442\u0440\u043e\u0438\u0442\u0435\u043b\u044c\u0441\u0442\u0432\u043e \u0441\u0435\u0442\u0438 \u0441\u0442\u043e\u0447\u043d\u044b\u0445 \u0432\u043e\u0434, \u0440\u0430\u0439\u043e\u043d \u041a\u0430\u0434\u044b\u043a\u0451\u0439\" href=\"https:\/\/unuvarinsaat.com.tr\/ru\/kadikoy-atiksu-sebeke-insaati\/\">\u0421\u0442\u0440\u043e\u0438\u0442\u0435\u043b\u044c\u0441\u0442\u0432\u043e \u0441\u0435\u0442\u0438 \u0441\u0442\u043e\u0447\u043d\u044b\u0445 \u0432\u043e\u0434, \u0440\u0430\u0439\u043e\u043d \u041a\u0430\u0434\u044b\u043a\u0451\u0439<\/a><\/li>\n<li id=\"menu-item-4042\" class=\"menu-item menu-item-type-post_type menu-item-object-page menu-item-4042\"><a title=\"\u041a\u0443\u0448\u0430\u0442\u0430\u043a \u041a\u0443\u0448\u0430\u0434\u0430\u0441\u044b \u2013 \u043e\u0431\u044a\u0435\u043a\u0442\u044b \u0438\u043d\u0444\u0440\u0430\u0441\u0442\u0440\u0443\u043a\u0442\u0443\u0440\u044b \u043e\u0447\u0438\u0441\u0442\u043a\u0438 \u0441\u0442\u043e\u0447\u043d\u044b\u0445 \u0432\u043e\u0434\" href=\"https:\/\/unuvarinsaat.com.tr\/ru\/kusatak-kusadasi-atiksu-aritma-altyapi-tesisleri\/\">\u041a\u0443\u0448\u0430\u0442\u0430\u043a \u041a\u0443\u0448\u0430\u0434\u0430\u0441\u044b \u2013 \u043e\u0431\u044a\u0435\u043a\u0442\u044b \u0438\u043d\u0444\u0440\u0430\u0441\u0442\u0440\u0443\u043a\u0442\u0443\u0440\u044b \u043e\u0447\u0438\u0441\u0442\u043a\u0438 \u0441\u0442\u043e\u0447\u043d\u044b\u0445 \u0432\u043e\u0434<\/a><\/li>\n<li id=\"menu-item-4015\" class=\"menu-item menu-item-type-post_type menu-item-object-page menu-item-4015\"><a title=\"\u0421\u0442\u0440\u043e\u0438\u0442\u0435\u043b\u044c\u0441\u0442\u0432\u043e \u0431\u0435\u0440\u0435\u0433\u043e\u0432\u043e\u0439 \u043b\u0438\u043d\u0438\u0438 \u0440\u0430\u0439\u043e\u043d\u0430 \u0411\u0435\u0439\u043a\u043e\u0437\" href=\"https:\/\/unuvarinsaat.com.tr\/ru\/beykoz-sahil-seridi-insaati\/\">\u0421\u0442\u0440\u043e\u0438\u0442\u0435\u043b\u044c\u0441\u0442\u0432\u043e \u0431\u0435\u0440\u0435\u0433\u043e\u0432\u043e\u0439 \u043b\u0438\u043d\u0438\u0438 \u0440\u0430\u0439\u043e\u043d\u0430 \u0411\u0435\u0439\u043a\u043e\u0437<\/a><\/li>\n<li id=\"menu-item-3463\" class=\"menu-item menu-item-type-post_type menu-item-object-page menu-item-3463\"><a title=\"\u0421\u0442\u0440\u043e\u0438\u0442\u0435\u043b\u044c\u0441\u0442\u0432\u043e \u043f\u043e\u0434\u0437\u0435\u043c\u043d\u043e\u0439 \u0433\u0430\u043b\u0435\u0440\u0435\u0438 \u0442\u0443\u0440\u0435\u0446\u043a\u043e\u0433\u043e \u0443\u0433\u043e\u043b\u044c\u043d\u043e\u0433\u043e \u043f\u0440\u0435\u0434\u043f\u0440\u0438\u044f\u0442\u0438\u044f \u041a\u044e\u0442\u0430\u0445\u044c\u044f.\" href=\"https:\/\/unuvarinsaat.com.tr\/ru\/tki-kutahya-omerler-yeralti-insaati\/\">\u0421\u0442\u0440\u043e\u0438\u0442\u0435\u043b\u044c\u0441\u0442\u0432\u043e \u043f\u043e\u0434\u0437\u0435\u043c\u043d\u043e\u0439 \u0433\u0430\u043b\u0435\u0440\u0435\u0438 \u0442\u0443\u0440\u0435\u0446\u043a\u043e\u0433\u043e \u0443\u0433\u043e\u043b\u044c\u043d\u043e\u0433\u043e \u043f\u0440\u0435\u0434\u043f\u0440\u0438\u044f\u0442\u0438\u044f \u041a\u044e\u0442\u0430\u0445\u044c\u044f.<\/a><\/li>\n<li id=\"menu-item-3683\" class=\"menu-item menu-item-type-post_type menu-item-object-page menu-item-3683\"><a title=\"\u0421\u0438\u0433\u043d\u0430\u043b\u0438\u0437\u0430\u0446\u0438\u044f, \u044d\u043b\u0435\u043a\u0442\u0440\u0438\u0447\u0435\u0441\u043a\u0438\u0435 \u0438 \u043c\u0435\u0445\u0430\u043d\u0438\u0447\u0435\u0441\u043a\u0438\u0435 \u0440\u0430\u0431\u043e\u0442\u044b.\" href=\"https:\/\/unuvarinsaat.com.tr\/ru\/sinyalizasyon-elektrik-ve-mekanik-isler\/\">\u0421\u0438\u0433\u043d\u0430\u043b\u0438\u0437\u0430\u0446\u0438\u044f, \u044d\u043b\u0435\u043a\u0442\u0440\u0438\u0447\u0435\u0441\u043a\u0438\u0435 \u0438 \u043c\u0435\u0445\u0430\u043d\u0438\u0447\u0435\u0441\u043a\u0438\u0435 \u0440\u0430\u0431\u043e\u0442\u044b.<\/a><\/li>\n<li id=\"menu-item-3949\" class=\"menu-item menu-item-type-post_type menu-item-object-page menu-item-3949\"><a title=\"\u0421\u0442\u0440\u043e\u0438\u0442\u0435\u043b\u044c\u0441\u0442\u0432\u043e \u0442\u043e\u043d\u043d\u0435\u043b\u044c\u043d\u043e\u0433\u043e \u043c\u043e\u0441\u0442\u0430 \u0438 \u043f\u0443\u0442\u0435\u043f\u0440\u043e\u0432\u043e\u0434\u0430.\" href=\"https:\/\/unuvarinsaat.com.tr\/ru\/sinyalizasyon-elektrik-ve-mekanik-isler-copy\/\">\u0421\u0442\u0440\u043e\u0438\u0442\u0435\u043b\u044c\u0441\u0442\u0432\u043e \u0442\u043e\u043d\u043d\u0435\u043b\u044c\u043d\u043e\u0433\u043e \u043c\u043e\u0441\u0442\u0430 \u0438 \u043f\u0443\u0442\u0435\u043f\u0440\u043e\u0432\u043e\u0434\u0430.<\/a><\/li>\n<\/ul>\t\t\t\t<\/div>\n\n\t\t\t\t<div class=\"ova_closeCanvas ova_closeNav\"><\/div>\n\t\t\t<\/div>\n\t\t<\/div>\n\t\t\n\t\t\n\n\t\t\t<\/div>\n\t\t\t\t<\/div>\n\t\t\t\t\t\t<\/div>\n\t\t\t\t\t<\/div>\n\t\t<\/div>\n\t\t\t\t<div class=\"elementor-column elementor-col-50 elementor-top-column elementor-element elementor-element-cdd2944\" data-id=\"cdd2944\" data-element_type=\"column\">\n\t\t\t<div class=\"elementor-column-wrap elementor-element-populated\">\n\t\t\t\t\t\t\t<div class=\"elementor-widget-wrap\">\n\t\t\t\t\t\t<div class=\"elementor-element elementor-element-87d083e elementor-widget elementor-widget-heading\" data-id=\"87d083e\" data-element_type=\"widget\" data-widget_type=\"heading.default\">\n\t\t\t\t<div class=\"elementor-widget-container\">\n\t\t\t<h1 class=\"elementor-heading-title elementor-size-default\">\u0421\u0442\u0440\u043e\u0438\u0442\u0435\u043b\u044c\u0441\u0442\u0432\u043e \u0443\u043b\u0443\u0447\u0448\u0435\u043d\u0438\u044f \u0440\u0443\u0447\u044c\u044f \u041f\u0435\u043d\u0434\u0438\u043a <\/h1>\t\t<\/div>\n\t\t\t\t<\/div>\n\t\t\t\t<section class=\"elementor-section elementor-inner-section elementor-element elementor-element-f0e4e17 elementor-section-boxed elementor-section-height-default elementor-section-height-default\" data-id=\"f0e4e17\" data-element_type=\"section\">\n\t\t\t\t\t\t<div class=\"elementor-container elementor-column-gap-default\">\n\t\t\t\t\t\t\t<div class=\"elementor-row\">\n\t\t\t\t\t<div class=\"elementor-column elementor-col-50 elementor-inner-column elementor-element elementor-element-c97bc57\" data-id=\"c97bc57\" data-element_type=\"column\">\n\t\t\t<div class=\"elementor-column-wrap elementor-element-populated\">\n\t\t\t\t\t\t\t<div class=\"elementor-widget-wrap\">\n\t\t\t\t\t\t<div class=\"elementor-element elementor-element-5def32c elementor-widget elementor-widget-text-editor\" data-id=\"5def32c\" data-element_type=\"widget\" data-widget_type=\"text-editor.default\">\n\t\t\t\t<div class=\"elementor-widget-container\">\n\t\t\t\t\t<div class=\"elementor-text-editor elementor-clearfix\">\t\t \t<div class=\"item\">            \n\t        \t<div class=\"clearfix\" >\n\n\t\t\t \t\t            \t<ul id=\"gwts-gwl-img-gallery3262\" class=\"gwts-gwl-slidergal list-unstyled cS-hidden\" data-litebx=\"true\">\n\t\t\t\t        \t\t\t\t\t \t\t<li data-thumb=\"https:\/\/unuvarinsaat.com.tr\/ru\/wp-content\/uploads\/2020\/10\/25092008144844-150x150.jpg\" data-responsive=\"https:\/\/unuvarinsaat.com.tr\/ru\/wp-content\/uploads\/2020\/10\/25092008144844-150x150.jpg\" data-src=\"https:\/\/unuvarinsaat.com.tr\/ru\/wp-content\/uploads\/2020\/10\/25092008144844.jpg\"> \n\t\t                    \t<img src=\"https:\/\/unuvarinsaat.com.tr\/ru\/wp-content\/uploads\/2020\/10\/25092008144844.jpg\" alt=\"\"\/>\n\t\t                    <\/li>\n\t\t\t\t\t \t\t\t\t\t\t \t\t<li data-thumb=\"https:\/\/unuvarinsaat.com.tr\/ru\/wp-content\/uploads\/2020\/10\/25092008144850-150x150.jpg\" data-responsive=\"https:\/\/unuvarinsaat.com.tr\/ru\/wp-content\/uploads\/2020\/10\/25092008144850-150x150.jpg\" data-src=\"https:\/\/unuvarinsaat.com.tr\/ru\/wp-content\/uploads\/2020\/10\/25092008144850.jpg\"> \n\t\t                    \t<img src=\"https:\/\/unuvarinsaat.com.tr\/ru\/wp-content\/uploads\/2020\/10\/25092008144850.jpg\" alt=\"\"\/>\n\t\t                    <\/li>\n\t\t\t\t\t \t\t\t\t\t\t \t\t<li data-thumb=\"https:\/\/unuvarinsaat.com.tr\/ru\/wp-content\/uploads\/2020\/10\/250920081512022-150x150.jpg\" data-responsive=\"https:\/\/unuvarinsaat.com.tr\/ru\/wp-content\/uploads\/2020\/10\/250920081512022-150x150.jpg\" data-src=\"https:\/\/unuvarinsaat.com.tr\/ru\/wp-content\/uploads\/2020\/10\/250920081512022.jpg\"> \n\t\t                    \t<img src=\"https:\/\/unuvarinsaat.com.tr\/ru\/wp-content\/uploads\/2020\/10\/250920081512022.jpg\" alt=\"\"\/>\n\t\t                    <\/li>\n\t\t\t\t\t \t\t\t\t\t\t \t\t<li data-thumb=\"https:\/\/unuvarinsaat.com.tr\/ru\/wp-content\/uploads\/2020\/10\/25092008151211-150x150.jpg\" data-responsive=\"https:\/\/unuvarinsaat.com.tr\/ru\/wp-content\/uploads\/2020\/10\/25092008151211-150x150.jpg\" data-src=\"https:\/\/unuvarinsaat.com.tr\/ru\/wp-content\/uploads\/2020\/10\/25092008151211.jpg\"> \n\t\t                    \t<img src=\"https:\/\/unuvarinsaat.com.tr\/ru\/wp-content\/uploads\/2020\/10\/25092008151211.jpg\" alt=\"\"\/>\n\t\t                    <\/li>\n\t\t\t\t\t \t\t\t\t\t\t \t\t<li data-thumb=\"https:\/\/unuvarinsaat.com.tr\/ru\/wp-content\/uploads\/2020\/10\/25092008151221-150x150.jpg\" data-responsive=\"https:\/\/unuvarinsaat.com.tr\/ru\/wp-content\/uploads\/2020\/10\/25092008151221-150x150.jpg\" data-src=\"https:\/\/unuvarinsaat.com.tr\/ru\/wp-content\/uploads\/2020\/10\/25092008151221.jpg\"> \n\t\t                    \t<img src=\"https:\/\/unuvarinsaat.com.tr\/ru\/wp-content\/uploads\/2020\/10\/25092008151221.jpg\" alt=\"\"\/>\n\t\t                    <\/li>\n\t\t\t\t\t \t\t\t\t\t\t \t\t<li data-thumb=\"https:\/\/unuvarinsaat.com.tr\/ru\/wp-content\/uploads\/2020\/10\/25092008144940-150x150.jpg\" data-responsive=\"https:\/\/unuvarinsaat.com.tr\/ru\/wp-content\/uploads\/2020\/10\/25092008144940-150x150.jpg\" data-src=\"https:\/\/unuvarinsaat.com.tr\/ru\/wp-content\/uploads\/2020\/10\/25092008144940.jpg\"> \n\t\t                    \t<img src=\"https:\/\/unuvarinsaat.com.tr\/ru\/wp-content\/uploads\/2020\/10\/25092008144940.jpg\" alt=\"\"\/>\n\t\t                    <\/li>\n\t\t\t\t\t \t\t\t\t\t\t \t\t<li data-thumb=\"https:\/\/unuvarinsaat.com.tr\/ru\/wp-content\/uploads\/2020\/10\/13112008165627-150x150.jpg\" data-responsive=\"https:\/\/unuvarinsaat.com.tr\/ru\/wp-content\/uploads\/2020\/10\/13112008165627-150x150.jpg\" data-src=\"https:\/\/unuvarinsaat.com.tr\/ru\/wp-content\/uploads\/2020\/10\/13112008165627.jpg\"> \n\t\t                    \t<img src=\"https:\/\/unuvarinsaat.com.tr\/ru\/wp-content\/uploads\/2020\/10\/13112008165627.jpg\" alt=\"\"\/>\n\t\t                    <\/li>\n\t\t\t\t\t \t\t\t\t\t\t \t\t<li data-thumb=\"https:\/\/unuvarinsaat.com.tr\/ru\/wp-content\/uploads\/2020\/10\/13112008165549-150x150.jpg\" data-responsive=\"https:\/\/unuvarinsaat.com.tr\/ru\/wp-content\/uploads\/2020\/10\/13112008165549-150x150.jpg\" data-src=\"https:\/\/unuvarinsaat.com.tr\/ru\/wp-content\/uploads\/2020\/10\/13112008165549.jpg\"> \n\t\t                    \t<img src=\"https:\/\/unuvarinsaat.com.tr\/ru\/wp-content\/uploads\/2020\/10\/13112008165549.jpg\" alt=\"\"\/>\n\t\t                    <\/li>\n\t\t\t\t\t \t\t\t\t\t\t \t\t<li data-thumb=\"https:\/\/unuvarinsaat.com.tr\/ru\/wp-content\/uploads\/2020\/10\/13112008165607-150x150.jpg\" data-responsive=\"https:\/\/unuvarinsaat.com.tr\/ru\/wp-content\/uploads\/2020\/10\/13112008165607-150x150.jpg\" data-src=\"https:\/\/unuvarinsaat.com.tr\/ru\/wp-content\/uploads\/2020\/10\/13112008165607.jpg\"> \n\t\t                    \t<img src=\"https:\/\/unuvarinsaat.com.tr\/ru\/wp-content\/uploads\/2020\/10\/13112008165607.jpg\" alt=\"\"\/>\n\t\t                    <\/li>\n\t\t\t\t\t \t\t\t\t\t\t<\/ul>\n\t\t\t\t<\/div>\n\t\t\t<\/div>\t\t\t\t\n\t\t\t\t\t\t\t<script>\n\t\t    \tjQuery(document).ready(function() {\n\t\t            jQuery('#gwts-gwl-img-gallery3262').lightSlider({\n\t\t                item:1,\t\t                \n\t\t                slideMargin:10,\n\t\t                addClass:'',\n\t\t                speed:1000,\n\t\t                pause:2000,\n\t\t                auto:false,\n\t\t                loop:true,\n\t\t                pager:true,\n\t\t                gallery:true,\n\t\t                thumbItem:9,\n\t    \t\t\t\tcontrols:true,\n\t    \t\t\t\tuseCSS: true,\n\t        \t\t\tcssEasing: 'ease',\n\t        \t\t\teasing: 'linear',\n\t        \t\t\tkeyPress: false,\n\t        \t\t\tslideEndAnimation: true,\n\t        \t\t\tswipeThreshold: 40,        \t\t\t\n\t\t                onSliderLoad: function(el) {\n\t\t                    jQuery('#gwts-gwl-img-gallery3262').removeClass('cS-hidden');\n\t\t                    jQuery('#gwts-gwl-img-gallery3262').addClass('gwts-loaded');\n\t\t\t\t\t\t\tvar maxHeight = 0,\n\t\t\t\t\t\t\tcontainer = jQuery(el),\n\t\t\t\t\t\t\tchildren = container.children();\n\n\t\t\t\t\t\t\tchildren.each(function () {\n\t\t\t\t\t\t\tvar childHeight = jQuery(this).height();\n\t\t\t\t\t\t\tif (childHeight > maxHeight) {\n\t\t\t\t\t\t\tmaxHeight = childHeight;\n\t\t\t\t\t\t\t}\n\t\t\t\t\t\t\t});\n\t\t\t\t\t\t\tcontainer.height(maxHeight);\n\t\t\t\t\t\t\t\n\t\t\t\t\t\t\tvar lithbox = jQuery('#gwts-gwl-img-gallery3262').attr(\"data-litebx\");\n\t\t\t\t\t\t\tif(lithbox=='true'){\n\t\t\t\t\t\t\t\tel.lightGallery({\n\t\t\t\t\t                selector: '#gwts-gwl-img-gallery3262 .lslide'\n\t\t\t\t\t            });\n\t\t\t\t\t\t\t}\t\n\t\t                }  \n\t\t\t        });\n\t\t\t\t});\n\t\t    \t<\/script>\n\n\t\t \n<\/div>\n\t\t\t\t<\/div>\n\t\t\t\t<\/div>\n\t\t\t\t\t\t<\/div>\n\t\t\t\t\t<\/div>\n\t\t<\/div>\n\t\t\t\t<div class=\"elementor-column elementor-col-50 elementor-inner-column elementor-element elementor-element-5bce779\" data-id=\"5bce779\" data-element_type=\"column\">\n\t\t\t<div class=\"elementor-column-wrap\">\n\t\t\t\t\t\t\t<div class=\"elementor-widget-wrap\">\n\t\t\t\t\t\t\t\t<\/div>\n\t\t\t\t\t<\/div>\n\t\t<\/div>\n\t\t\t\t\t\t\t\t<\/div>\n\t\t\t\t\t<\/div>\n\t\t<\/section>\n\t\t\t\t\t\t<\/div>\n\t\t\t\t\t<\/div>\n\t\t<\/div>\n\t\t\t\t\t\t\t\t<\/div>\n\t\t\t\t\t<\/div>\n\t\t<\/section>\n\t\t\t\t\t\t<\/div>\n\t\t\t\t\t\t<\/div>\n\t\t\t\t\t<\/div>\n\t\t","protected":false},"excerpt":{"rendered":"<p>Yakac\u0131k Spor Caddesi Yol, Ortak Altyap\u0131 \u0130n\u015faat\u0131 ve Heyalan B\u00f6lgesi \u0421\u0442\u0440\u043e\u0438\u0442\u0435\u043b\u044c\u0441\u0442\u0432\u043e \u0443\u043b\u0443\u0447\u0448\u0435\u043d\u0438\u044f \u0440\u0443\u0447\u044c\u044f \u041f\u0435\u043d\u0434\u0438\u043a Kartal M.Kemal Caddesi Yol \u0130n\u015faat\u0131 \u0421\u0442\u0440\u043e\u0438\u0442\u0435\u043b\u044c\u0441\u0442\u0432\u043e \u0441\u0435\u0442\u0438 \u0441\u0442\u043e\u0447\u043d\u044b\u0445 \u0432\u043e\u0434, \u0440\u0430\u0439\u043e\u043d \u041a\u0430\u0434\u044b\u043a\u0451\u0439 Ku\u015fatak Ku\u015fadas\u0131 \u2013 At\u0131ksu Ar\u0131tma Altyap\u0131 Tesisleri \u0421\u0442\u0440\u043e\u0438\u0442\u0435\u043b\u044c\u0441\u0442\u0432\u043e \u0431\u0435\u0440\u0435\u0433\u043e\u0432\u043e\u0439 \u043b\u0438\u043d\u0438\u0438 \u0440\u0430\u0439\u043e\u043d\u0430 \u0411\u0435\u0439\u043a\u043e\u0437 T\u00fcrkiye K\u00f6m\u00fcr \u0130\u015fletmeleri K\u00fctahya Yeralt\u0131 Galeri in\u015faat\u0131 Sinyalizasyon Elektrik ve Mekanik \u0130\u015fler \u0421\u0442\u0440\u043e\u0438\u0442\u0435\u043b\u044c\u0441\u0442\u0432\u043e \u0442\u043e\u043d\u043d\u0435\u043b\u044c\u043d\u043e\u0433\u043e \u043c\u043e\u0441\u0442\u0430 \u0438 \u043f\u0443\u0442\u0435\u043f\u0440\u043e\u0432\u043e\u0434\u0430. \u0421\u0442\u0440\u043e\u0438\u0442\u0435\u043b\u044c\u0441\u0442\u0432\u043e [&hellip;]<\/p>\n","protected":false},"author":1,"featured_media":0,"parent":0,"menu_order":0,"comment_status":"closed","ping_status":"closed","template":"elementor_header_footer","meta":[],"_links":{"self":[{"href":"https:\/\/unuvarinsaat.com.tr\/ru\/wp-json\/wp\/v2\/pages\/3005"}],"collection":[{"href":"https:\/\/unuvarinsaat.com.tr\/ru\/wp-json\/wp\/v2\/pages"}],"about":[{"href":"https:\/\/unuvarinsaat.com.tr\/ru\/wp-json\/wp\/v2\/types\/page"}],"author":[{"embeddable":true,"href":"https:\/\/unuvarinsaat.com.tr\/ru\/wp-json\/wp\/v2\/users\/1"}],"replies":[{"embeddable":true,"href":"https:\/\/unuvarinsaat.com.tr\/ru\/wp-json\/wp\/v2\/comments?post=3005"}],"version-history":[{"count":8,"href":"https:\/\/unuvarinsaat.com.tr\/ru\/wp-json\/wp\/v2\/pages\/3005\/revisions"}],"predecessor-version":[{"id":4125,"href":"https:\/\/unuvarinsaat.com.tr\/ru\/wp-json\/wp\/v2\/pages\/3005\/revisions\/4125"}],"wp:attachment":[{"href":"https:\/\/unuvarinsaat.com.tr\/ru\/wp-json\/wp\/v2\/media?parent=3005"}],"curies":[{"name":"wp","href":"https:\/\/api.w.org\/{rel}","templated":true}]}}