{"id":2942,"date":"2020-10-09T16:58:05","date_gmt":"2020-10-09T13:58:05","guid":{"rendered":"https:\/\/sosyaldizayn.com\/unuvar\/?page_id=2942"},"modified":"2022-04-15T07:48:18","modified_gmt":"2022-04-15T04:48:18","slug":"unuvarli-olmak","status":"publish","type":"page","link":"https:\/\/unuvarinsaat.com.tr\/ru\/unuvarli-olmak\/","title":{"rendered":"\u0411\u044b\u0442\u044c \u0447\u043b\u0435\u043d\u043e\u043c \u043a\u043e\u043c\u043f\u0430\u043d\u0438\u0438 \u0423\u043d\u044e\u0432\u0430\u0440"},"content":{"rendered":"\t\t<div data-elementor-type=\"wp-page\" data-elementor-id=\"2942\" class=\"elementor elementor-2942\" data-elementor-settings=\"[]\">\n\t\t\t\t\t\t<div class=\"elementor-inner\">\n\t\t\t\t\t\t\t<div class=\"elementor-section-wrap\">\n\t\t\t\t\t\t\t<section class=\"elementor-section elementor-top-section elementor-element elementor-element-af1822f elementor-section-boxed elementor-section-height-default elementor-section-height-default\" data-id=\"af1822f\" data-element_type=\"section\">\n\t\t\t\t\t\t<div class=\"elementor-container elementor-column-gap-default\">\n\t\t\t\t\t\t\t<div class=\"elementor-row\">\n\t\t\t\t\t<div class=\"elementor-column elementor-col-50 elementor-top-column elementor-element elementor-element-d994c08\" data-id=\"d994c08\" data-element_type=\"column\">\n\t\t\t<div class=\"elementor-column-wrap elementor-element-populated\">\n\t\t\t\t\t\t\t<div class=\"elementor-widget-wrap\">\n\t\t\t\t\t\t<div class=\"elementor-element elementor-element-1b850fd elementor-widget elementor-widget-image\" data-id=\"1b850fd\" data-element_type=\"widget\" data-widget_type=\"image.default\">\n\t\t\t\t<div class=\"elementor-widget-container\">\n\t\t\t\t\t<div class=\"elementor-image\">\n\t\t\t\t\t\t\t\t\t\t<img width=\"264\" height=\"425\" src=\"https:\/\/unuvarinsaat.com.tr\/ru\/wp-content\/uploads\/2020\/11\/sh2.jpg\" class=\"attachment-large size-large\" alt=\"\" loading=\"lazy\" srcset=\"https:\/\/unuvarinsaat.com.tr\/ru\/wp-content\/uploads\/2020\/11\/sh2.jpg 264w, https:\/\/unuvarinsaat.com.tr\/ru\/wp-content\/uploads\/2020\/11\/sh2-186x300.jpg 186w\" sizes=\"(max-width: 264px) 100vw, 264px\" \/>\t\t\t\t\t\t\t\t\t\t\t<\/div>\n\t\t\t\t<\/div>\n\t\t\t\t<\/div>\n\t\t\t\t\t\t<\/div>\n\t\t\t\t\t<\/div>\n\t\t<\/div>\n\t\t\t\t<div class=\"elementor-column elementor-col-50 elementor-top-column elementor-element elementor-element-2a1bfcb\" data-id=\"2a1bfcb\" data-element_type=\"column\">\n\t\t\t<div class=\"elementor-column-wrap elementor-element-populated\">\n\t\t\t\t\t\t\t<div class=\"elementor-widget-wrap\">\n\t\t\t\t\t\t<div class=\"elementor-element elementor-element-f7cc629 elementor-widget elementor-widget-heading\" data-id=\"f7cc629\" data-element_type=\"widget\" data-widget_type=\"heading.default\">\n\t\t\t\t<div class=\"elementor-widget-container\">\n\t\t\t<h2 class=\"elementor-heading-title elementor-size-default\">\u0411\u044b\u0442\u044c \u0447\u043b\u0435\u043d\u043e\u043c \u043a\u043e\u043c\u043f\u0430\u043d\u0438\u0438 \u0423\u043d\u044e\u0432\u0430\u0440 <\/h2>\t\t<\/div>\n\t\t\t\t<\/div>\n\t\t\t\t<div class=\"elementor-element elementor-element-233c979 elementor-widget elementor-widget-text-editor\" data-id=\"233c979\" data-element_type=\"widget\" data-widget_type=\"text-editor.default\">\n\t\t\t\t<div class=\"elementor-widget-container\">\n\t\t\t\t\t<div class=\"elementor-text-editor elementor-clearfix\"><p>\u041d\u0430\u0445\u043e\u0434\u044f\u0441\u044c \u0432 \u00dcn\u00fcvar \u0130n\u015faat (\u0423\u041d\u042e\u0412\u0410\u0420 \u0418\u041d\u0428\u0410\u0410\u0422):<\/p><p>\u041d\u0435 \u0442\u043e\u043b\u044c\u043a\u043e \u043d\u0430\u0448\u0438\u043c\u0438 \u0437\u043d\u0430\u043d\u0438\u044f\u043c\u0438 \u0438 \u043e\u043f\u044b\u0442\u043e\u043c, \u043d\u043e \u0438 \u043d\u0430\u0448\u0438\u043c \u043f\u043e\u0432\u0435\u0434\u0435\u043d\u0438\u0435\u043c, \u0437\u043d\u0430\u043d\u0438\u044f\u043c\u0438 \u0438 \u0432\u043d\u0435\u0448\u043d\u0438\u043c \u0432\u0438\u0434\u043e\u043c, \u041c\u044b \u043e\u0441\u043e\u0437\u043d\u0430\u0435\u043c, \u0447\u0442\u043e \u043f\u0440\u0435\u0434\u0441\u0442\u0430\u0432\u043b\u044f\u0435\u043c \u043a\u0443\u043b\u044c\u0442\u0443\u0440\u0443 \u0423\u043d\u044e\u0432\u0430\u0440\u0430.<\/p><p>\u041c\u044b \u0441\u0442\u0440\u0435\u043c\u0438\u043c\u0441\u044f \u0432\u044b\u043f\u043e\u043b\u043d\u044f\u0442\u044c \u0441\u0432\u043e\u044e \u0440\u0430\u0431\u043e\u0442\u0443 \u0441 \u0436\u0435\u043b\u0430\u0435\u043c\u044b\u043c \u043a\u0430\u0447\u0435\u0441\u0442\u0432\u043e\u043c \u0438 \u0432 \u0441\u0440\u043e\u043a, \u043f\u0440\u043e\u044f\u0432\u043b\u044f\u044f \u0433\u043e\u0442\u043e\u0432\u043d\u043e\u0441\u0442\u044c \u0438 \u0434\u0438\u0441\u0446\u0438\u043f\u043b\u0438\u043d\u0438\u0440\u043e\u0432\u0430\u043d\u043d\u043e\u0441\u0442\u044c \u0432 \u043e\u0442\u043d\u043e\u0448\u0435\u043d\u0438\u0438 \u0432\u0437\u044f\u0442\u044b\u0445 \u043d\u0430 \u0441\u0435\u0431\u044f \u043e\u0431\u044f\u0437\u0430\u0442\u0435\u043b\u044c\u0441\u0442\u0432.<\/p><p>\u041d\u0430\u0448\u0430 \u0446\u0435\u043b\u044c \u2014 \u0441\u0434\u0435\u043b\u0430\u0442\u044c \u044d\u0442\u043e \u043f\u0440\u0430\u0432\u0438\u043b\u044c\u043d\u043e \u0441 \u043f\u0435\u0440\u0432\u043e\u0433\u043e \u0440\u0430\u0437\u0430.<\/p><p>\u041c\u044b \u043e\u0441\u043e\u0437\u043d\u0430\u0435\u043c, \u0447\u0442\u043e \u0434\u043b\u044f \u0434\u043e\u0441\u0442\u0438\u0436\u0435\u043d\u0438\u044f \u043d\u0430\u0448\u0438\u0445 \u043e\u0431\u0449\u0438\u0445 \u0446\u0435\u043b\u0435\u0439 \u043d\u0435\u043e\u0431\u0445\u043e\u0434\u0438\u043c\u043e \u0440\u0430\u0431\u043e\u0442\u0430\u0442\u044c \u0432 \u0434\u0443\u0445\u0435 \u0441\u043e\u043b\u0438\u0434\u0430\u0440\u043d\u043e\u0441\u0442\u0438 \u0438 \u043a\u043e\u043e\u0440\u0434\u0438\u043d\u0430\u0446\u0438\u0438.<\/p><p>\u041c\u044b \u0441\u0442\u0440\u0435\u043c\u0438\u043c\u0441\u044f \u043e\u0441\u0442\u0430\u0432\u0430\u0442\u044c\u0441\u044f \u043d\u0430 \u0432\u0435\u0440\u0448\u0438\u043d\u0435 \u0438 \u043f\u043e\u0441\u0442\u043e\u044f\u043d\u043d\u043e \u0441\u043e\u0432\u0435\u0440\u0448\u0435\u043d\u0441\u0442\u0432\u0443\u0435\u043c\u0441\u044f.<\/p><p>\u041e\u0442\u043d\u043e\u0448\u0435\u043d\u0438\u044f \u0441\u043e\u0442\u0440\u0443\u0434\u043d\u0438\u043a\u043e\u0432 \u00dcn\u00fcvar \u0130n\u015faat (\u0423\u041d\u042e\u0412\u0410\u0420 \u0418\u041d\u0428\u0410\u0410\u0422) \u043e\u0441\u043d\u043e\u0432\u0430\u043d\u044b \u043d\u0430 \u0443\u043f\u043e\u0440\u043d\u043e\u043c \u0442\u0440\u0443\u0434\u0435, \u0443\u0432\u0430\u0436\u0435\u043d\u0438\u0438 \u0438 \u0434\u043e\u0432\u0435\u0440\u0438\u0438.<\/p><\/div>\n\t\t\t\t<\/div>\n\t\t\t\t<\/div>\n\t\t\t\t\t\t<\/div>\n\t\t\t\t\t<\/div>\n\t\t<\/div>\n\t\t\t\t\t\t\t\t<\/div>\n\t\t\t\t\t<\/div>\n\t\t<\/section>\n\t\t\t\t\t\t<\/div>\n\t\t\t\t\t\t<\/div>\n\t\t\t\t\t<\/div>\n\t\t","protected":false},"excerpt":{"rendered":"<p>\u0411\u044b\u0442\u044c \u0447\u043b\u0435\u043d\u043e\u043c \u043a\u043e\u043c\u043f\u0430\u043d\u0438\u0438 \u0423\u043d\u044e\u0432\u0430\u0440 \u041d\u0430\u0445\u043e\u0434\u044f\u0441\u044c \u0432 \u00dcn\u00fcvar \u0130n\u015faat (\u0423\u041d\u042e\u0412\u0410\u0420 \u0418\u041d\u0428\u0410\u0410\u0422): \u041d\u0435 \u0442\u043e\u043b\u044c\u043a\u043e \u043d\u0430\u0448\u0438\u043c\u0438 \u0437\u043d\u0430\u043d\u0438\u044f\u043c\u0438 \u0438 \u043e\u043f\u044b\u0442\u043e\u043c, \u043d\u043e \u0438 \u043d\u0430\u0448\u0438\u043c \u043f\u043e\u0432\u0435\u0434\u0435\u043d\u0438\u0435\u043c, \u0437\u043d\u0430\u043d\u0438\u044f\u043c\u0438 \u0438 \u0432\u043d\u0435\u0448\u043d\u0438\u043c \u0432\u0438\u0434\u043e\u043c, \u041c\u044b \u043e\u0441\u043e\u0437\u043d\u0430\u0435\u043c, \u0447\u0442\u043e \u043f\u0440\u0435\u0434\u0441\u0442\u0430\u0432\u043b\u044f\u0435\u043c \u043a\u0443\u043b\u044c\u0442\u0443\u0440\u0443 \u0423\u043d\u044e\u0432\u0430\u0440\u0430. \u041c\u044b \u0441\u0442\u0440\u0435\u043c\u0438\u043c\u0441\u044f \u0432\u044b\u043f\u043e\u043b\u043d\u044f\u0442\u044c \u0441\u0432\u043e\u044e \u0440\u0430\u0431\u043e\u0442\u0443 \u0441 \u0436\u0435\u043b\u0430\u0435\u043c\u044b\u043c \u043a\u0430\u0447\u0435\u0441\u0442\u0432\u043e\u043c \u0438 \u0432 \u0441\u0440\u043e\u043a, \u043f\u0440\u043e\u044f\u0432\u043b\u044f\u044f \u0433\u043e\u0442\u043e\u0432\u043d\u043e\u0441\u0442\u044c \u0438 \u0434\u0438\u0441\u0446\u0438\u043f\u043b\u0438\u043d\u0438\u0440\u043e\u0432\u0430\u043d\u043d\u043e\u0441\u0442\u044c \u0432 \u043e\u0442\u043d\u043e\u0448\u0435\u043d\u0438\u0438 \u0432\u0437\u044f\u0442\u044b\u0445 \u043d\u0430 \u0441\u0435\u0431\u044f \u043e\u0431\u044f\u0437\u0430\u0442\u0435\u043b\u044c\u0441\u0442\u0432. \u041d\u0430\u0448\u0430 \u0446\u0435\u043b\u044c \u2014 \u0441\u0434\u0435\u043b\u0430\u0442\u044c [&hellip;]<\/p>\n","protected":false},"author":1,"featured_media":0,"parent":0,"menu_order":0,"comment_status":"closed","ping_status":"closed","template":"elementor_header_footer","meta":[],"_links":{"self":[{"href":"https:\/\/unuvarinsaat.com.tr\/ru\/wp-json\/wp\/v2\/pages\/2942"}],"collection":[{"href":"https:\/\/unuvarinsaat.com.tr\/ru\/wp-json\/wp\/v2\/pages"}],"about":[{"href":"https:\/\/unuvarinsaat.com.tr\/ru\/wp-json\/wp\/v2\/types\/page"}],"author":[{"embeddable":true,"href":"https:\/\/unuvarinsaat.com.tr\/ru\/wp-json\/wp\/v2\/users\/1"}],"replies":[{"embeddable":true,"href":"https:\/\/unuvarinsaat.com.tr\/ru\/wp-json\/wp\/v2\/comments?post=2942"}],"version-history":[{"count":12,"href":"https:\/\/unuvarinsaat.com.tr\/ru\/wp-json\/wp\/v2\/pages\/2942\/revisions"}],"predecessor-version":[{"id":4130,"href":"https:\/\/unuvarinsaat.com.tr\/ru\/wp-json\/wp\/v2\/pages\/2942\/revisions\/4130"}],"wp:attachment":[{"href":"https:\/\/unuvarinsaat.com.tr\/ru\/wp-json\/wp\/v2\/media?parent=2942"}],"curies":[{"name":"wp","href":"https:\/\/api.w.org\/{rel}","templated":true}]}}