{"id":902,"date":"2019-05-23T05:01:37","date_gmt":"2019-05-23T05:01:37","guid":{"rendered":"http:\/\/demo.ovathemes.com\/constrau\/?page_id=902"},"modified":"2020-12-15T18:55:18","modified_gmt":"2020-12-15T15:55:18","slug":"eminonu-kabatas-line","status":"publish","type":"page","link":"https:\/\/unuvarinsaat.com.tr\/en\/eminonu-kabatas-line\/","title":{"rendered":"Emin\u00f6n\u00fc -Kabata\u015f Line"},"content":{"rendered":"\t\t<div data-elementor-type=\"wp-post\" data-elementor-id=\"902\" class=\"elementor elementor-902\" data-elementor-settings=\"[]\">\n\t\t\t\t\t\t<div class=\"elementor-inner\">\n\t\t\t\t\t\t\t<div class=\"elementor-section-wrap\">\n\t\t\t\t\t\t\t<section class=\"elementor-section elementor-top-section elementor-element elementor-element-e62ae64 elementor-reverse-tablet elementor-reverse-mobile elementor-section-stretched elementor-section-boxed elementor-section-height-default elementor-section-height-default\" data-id=\"e62ae64\" data-element_type=\"section\" data-settings=\"{&quot;stretch_section&quot;:&quot;section-stretched&quot;}\">\n\t\t\t\t\t\t<div class=\"elementor-container elementor-column-gap-default\">\n\t\t\t\t\t\t\t<div class=\"elementor-row\">\n\t\t\t\t\t<div class=\"elementor-column elementor-col-50 elementor-top-column elementor-element elementor-element-30be85a\" data-id=\"30be85a\" data-element_type=\"column\">\n\t\t\t<div class=\"elementor-column-wrap elementor-element-populated\">\n\t\t\t\t\t\t\t<div class=\"elementor-widget-wrap\">\n\t\t\t\t\t\t<div class=\"elementor-element elementor-element-8f31e4b elementor-view-hafif-rayli-sistem-projeleri sd elementor-widget elementor-widget-ova_menu\" data-id=\"8f31e4b\" data-element_type=\"widget\" data-widget_type=\"ova_menu.default\">\n\t\t\t\t<div class=\"elementor-widget-container\">\n\t\t\t\t\t<div class=\"ova_menu_clasic\">\n\t\t\t<div class=\"ova_wrap_nav column NavBtn_left NavBtn_left\">\n\n\t\t\t\t<button class=\"ova_openNav\" type=\"button\">\n\t\t\t\t\t<span class=\"bar\">\n\t\t\t\t\t\t<span class=\"bar-menu-line\"><\/span>\n\t\t\t\t\t\t<span class=\"bar-menu-line\"><\/span>\n\t\t\t\t\t\t<span class=\"bar-menu-line\"><\/span>\n\t\t\t\t\t<\/span>\n\t\t\t\t<\/button>\n\n\t\t\t\t<div class=\"ova_nav canvas_left canvas_bg_gray\">\n\t\t\t\t\t<a href=\"javascript:void(0)\" class=\"ova_closeNav\"><i class=\"fas fa-times\"><\/i><\/a>\n\t\t\t\t\t<ul id=\"menu-hafif-rayli-sistem-projeleri\" class=\"menu sub_menu_dir_left\"><li id=\"menu-item-3061\" class=\"menu-item menu-item-type-post_type menu-item-object-page menu-item-3061\"><a title=\"Emin\u00f6n\u00fc - Kabata\u015f Line\" href=\"https:\/\/unuvarinsaat.com.tr\/en\/eminonu-kabatas-line\/\">Emin\u00f6n\u00fc &#8211; Kabata\u015f Line<\/a><\/li>\n<li id=\"menu-item-3093\" class=\"menu-item menu-item-type-post_type menu-item-object-page menu-item-3093\"><a title=\"Sultan\u00e7iftli\u011fi - Edirnekap\u0131 Line\" href=\"https:\/\/unuvarinsaat.com.tr\/en\/sultanciftlik-edirne-line\/\">Sultan\u00e7iftli\u011fi &#8211; Edirnekap\u0131 Line<\/a><\/li>\n<li id=\"menu-item-3063\" class=\"menu-item menu-item-type-post_type menu-item-object-page menu-item-3063\"><a title=\"Edirnekap\u0131 - Topkap\u0131 Line\" href=\"https:\/\/unuvarinsaat.com.tr\/en\/edirne-topkapi-line\/\">Edirnekap\u0131 &#8211; Topkap\u0131 Line<\/a><\/li>\n<\/ul>\t\t\t\t<\/div>\n\n\t\t\t\t<div class=\"ova_closeCanvas ova_closeNav\"><\/div>\n\t\t\t<\/div>\n\t\t<\/div>\n\t\t\n\t\t\n\n\t\t\t<\/div>\n\t\t\t\t<\/div>\n\t\t\t\t\t\t<\/div>\n\t\t\t\t\t<\/div>\n\t\t<\/div>\n\t\t\t\t<div class=\"elementor-column elementor-col-50 elementor-top-column elementor-element elementor-element-b19ecc1\" data-id=\"b19ecc1\" data-element_type=\"column\">\n\t\t\t<div class=\"elementor-column-wrap elementor-element-populated\">\n\t\t\t\t\t\t\t<div class=\"elementor-widget-wrap\">\n\t\t\t\t\t\t<div class=\"elementor-element elementor-element-fff4c58 elementor-widget elementor-widget-heading\" data-id=\"fff4c58\" data-element_type=\"widget\" data-widget_type=\"heading.default\">\n\t\t\t\t<div class=\"elementor-widget-container\">\n\t\t\t<h3 class=\"elementor-heading-title elementor-size-default\">EM\u0130N\u00d6N\u00dc-KABATA\u015e L\u0130NE\n<\/h3>\t\t<\/div>\n\t\t\t\t<\/div>\n\t\t\t\t<section class=\"elementor-section elementor-inner-section elementor-element elementor-element-8fc1d38 elementor-section-boxed elementor-section-height-default elementor-section-height-default\" data-id=\"8fc1d38\" data-element_type=\"section\">\n\t\t\t\t\t\t<div class=\"elementor-container elementor-column-gap-default\">\n\t\t\t\t\t\t\t<div class=\"elementor-row\">\n\t\t\t\t\t<div class=\"elementor-column elementor-col-50 elementor-inner-column elementor-element elementor-element-e428152\" data-id=\"e428152\" data-element_type=\"column\">\n\t\t\t<div class=\"elementor-column-wrap elementor-element-populated\">\n\t\t\t\t\t\t\t<div class=\"elementor-widget-wrap\">\n\t\t\t\t\t\t<div class=\"elementor-element elementor-element-5a286e6 elementor-widget elementor-widget-text-editor\" data-id=\"5a286e6\" data-element_type=\"widget\" data-widget_type=\"text-editor.default\">\n\t\t\t\t<div class=\"elementor-widget-container\">\n\t\t\t\t\t<div class=\"elementor-text-editor elementor-clearfix\"><p>Emin\u00f6n\u00fc-Kabata\u015f light rail system is 2.8 km as a double line, it is a route in length, starting from Emin\u00f6n\u00fc Street tram station and passing through yeni Galata Bridge, reaching Kabata\u015f from Karak\u00f6y \u2013 Tophane direction.<\/p><p>The Emin\u00f6n\u00fc-Kabata\u015f tram line is connected by Emin\u00f6n\u00fc to the existing Emin\u00f6n\u00fc \u2013 Sirkeci tram line, and by Kabata\u015f it reaches Taksim via Taksim Finuk\u00fcler system.<\/p><p>With the completion of the Emin\u00f6n\u00fc-Kabata\u015f line. Levent \u2013 Taksim \u2013 Kabata\u015f \u2013 Emin\u00f6n\u00fc \u2013 Zeytinburnu \u2013 Bak\u0131rk\u00f6y \u2013 Ba\u011fc\u0131lar \u2013 Bus Station-airport travel was provided and the integration of sea transportation in Kabata\u015f to the rail system was provided.<\/p><\/div>\n\t\t\t\t<\/div>\n\t\t\t\t<\/div>\n\t\t\t\t<div class=\"elementor-element elementor-element-cbc30c9 elementor-widget elementor-widget-text-editor\" data-id=\"cbc30c9\" data-element_type=\"widget\" data-widget_type=\"text-editor.default\">\n\t\t\t\t<div class=\"elementor-widget-container\">\n\t\t\t\t\t<div class=\"elementor-text-editor elementor-clearfix\">\t\t \t<div class=\"item\">            \n\t        \t<div class=\"clearfix\" >\n\n\t\t\t \t\t            \t<ul id=\"gwts-gwl-img-gallery3177\" class=\"gwts-gwl-slidergal list-unstyled cS-hidden\" data-litebx=\"true\">\n\t\t\t\t        \t\t\t\t\t \t\t<li data-thumb=\"https:\/\/unuvarinsaat.com.tr\/en\/wp-content\/uploads\/2020\/10\/25092008140418-1-150x150.jpg\" data-responsive=\"https:\/\/unuvarinsaat.com.tr\/en\/wp-content\/uploads\/2020\/10\/25092008140418-1-150x150.jpg\" data-src=\"https:\/\/unuvarinsaat.com.tr\/en\/wp-content\/uploads\/2020\/10\/25092008140418-1.jpg\"> \n\t\t                    \t<img src=\"https:\/\/unuvarinsaat.com.tr\/en\/wp-content\/uploads\/2020\/10\/25092008140418-1.jpg\" alt=\"\"\/>\n\t\t                    <\/li>\n\t\t\t\t\t \t\t\t\t\t\t \t\t<li data-thumb=\"https:\/\/unuvarinsaat.com.tr\/en\/wp-content\/uploads\/2020\/10\/25092008140609-1-150x150.jpg\" data-responsive=\"https:\/\/unuvarinsaat.com.tr\/en\/wp-content\/uploads\/2020\/10\/25092008140609-1-150x150.jpg\" data-src=\"https:\/\/unuvarinsaat.com.tr\/en\/wp-content\/uploads\/2020\/10\/25092008140609-1.jpg\"> \n\t\t                    \t<img src=\"https:\/\/unuvarinsaat.com.tr\/en\/wp-content\/uploads\/2020\/10\/25092008140609-1.jpg\" alt=\"\"\/>\n\t\t                    <\/li>\n\t\t\t\t\t \t\t\t\t\t\t \t\t<li data-thumb=\"https:\/\/unuvarinsaat.com.tr\/en\/wp-content\/uploads\/2020\/10\/25092008140549-1-150x150.jpg\" data-responsive=\"https:\/\/unuvarinsaat.com.tr\/en\/wp-content\/uploads\/2020\/10\/25092008140549-1-150x150.jpg\" data-src=\"https:\/\/unuvarinsaat.com.tr\/en\/wp-content\/uploads\/2020\/10\/25092008140549-1.jpg\"> \n\t\t                    \t<img src=\"https:\/\/unuvarinsaat.com.tr\/en\/wp-content\/uploads\/2020\/10\/25092008140549-1.jpg\" alt=\"\"\/>\n\t\t                    <\/li>\n\t\t\t\t\t \t\t\t\t\t\t \t\t<li data-thumb=\"https:\/\/unuvarinsaat.com.tr\/en\/wp-content\/uploads\/2020\/10\/25092008140425-150x150.jpg\" data-responsive=\"https:\/\/unuvarinsaat.com.tr\/en\/wp-content\/uploads\/2020\/10\/25092008140425-150x150.jpg\" data-src=\"https:\/\/unuvarinsaat.com.tr\/en\/wp-content\/uploads\/2020\/10\/25092008140425.jpg\"> \n\t\t                    \t<img src=\"https:\/\/unuvarinsaat.com.tr\/en\/wp-content\/uploads\/2020\/10\/25092008140425.jpg\" alt=\"\"\/>\n\t\t                    <\/li>\n\t\t\t\t\t \t\t\t\t\t\t \t\t<li data-thumb=\"https:\/\/unuvarinsaat.com.tr\/en\/wp-content\/uploads\/2020\/10\/25092008140442-150x150.jpg\" data-responsive=\"https:\/\/unuvarinsaat.com.tr\/en\/wp-content\/uploads\/2020\/10\/25092008140442-150x150.jpg\" data-src=\"https:\/\/unuvarinsaat.com.tr\/en\/wp-content\/uploads\/2020\/10\/25092008140442.jpg\"> \n\t\t                    \t<img src=\"https:\/\/unuvarinsaat.com.tr\/en\/wp-content\/uploads\/2020\/10\/25092008140442.jpg\" alt=\"\"\/>\n\t\t                    <\/li>\n\t\t\t\t\t \t\t\t\t\t\t \t\t<li data-thumb=\"https:\/\/unuvarinsaat.com.tr\/en\/wp-content\/uploads\/2020\/10\/25092008140432-150x150.jpg\" data-responsive=\"https:\/\/unuvarinsaat.com.tr\/en\/wp-content\/uploads\/2020\/10\/25092008140432-150x150.jpg\" data-src=\"https:\/\/unuvarinsaat.com.tr\/en\/wp-content\/uploads\/2020\/10\/25092008140432.jpg\"> \n\t\t                    \t<img src=\"https:\/\/unuvarinsaat.com.tr\/en\/wp-content\/uploads\/2020\/10\/25092008140432.jpg\" alt=\"\"\/>\n\t\t                    <\/li>\n\t\t\t\t\t \t\t\t\t\t\t \t\t<li data-thumb=\"https:\/\/unuvarinsaat.com.tr\/en\/wp-content\/uploads\/2020\/10\/25092008140601-1-150x150.jpg\" data-responsive=\"https:\/\/unuvarinsaat.com.tr\/en\/wp-content\/uploads\/2020\/10\/25092008140601-1-150x150.jpg\" data-src=\"https:\/\/unuvarinsaat.com.tr\/en\/wp-content\/uploads\/2020\/10\/25092008140601-1.jpg\"> \n\t\t                    \t<img src=\"https:\/\/unuvarinsaat.com.tr\/en\/wp-content\/uploads\/2020\/10\/25092008140601-1.jpg\" alt=\"\"\/>\n\t\t                    <\/li>\n\t\t\t\t\t \t\t\t\t\t\t \t\t<li data-thumb=\"https:\/\/unuvarinsaat.com.tr\/en\/wp-content\/uploads\/2020\/10\/25092008140538-150x150.jpg\" data-responsive=\"https:\/\/unuvarinsaat.com.tr\/en\/wp-content\/uploads\/2020\/10\/25092008140538-150x150.jpg\" data-src=\"https:\/\/unuvarinsaat.com.tr\/en\/wp-content\/uploads\/2020\/10\/25092008140538.jpg\"> \n\t\t                    \t<img src=\"https:\/\/unuvarinsaat.com.tr\/en\/wp-content\/uploads\/2020\/10\/25092008140538.jpg\" alt=\"\"\/>\n\t\t                    <\/li>\n\t\t\t\t\t \t\t\t\t\t\t \t\t<li data-thumb=\"https:\/\/unuvarinsaat.com.tr\/en\/wp-content\/uploads\/2020\/10\/25092008140452-150x150.jpg\" data-responsive=\"https:\/\/unuvarinsaat.com.tr\/en\/wp-content\/uploads\/2020\/10\/25092008140452-150x150.jpg\" data-src=\"https:\/\/unuvarinsaat.com.tr\/en\/wp-content\/uploads\/2020\/10\/25092008140452.jpg\"> \n\t\t                    \t<img src=\"https:\/\/unuvarinsaat.com.tr\/en\/wp-content\/uploads\/2020\/10\/25092008140452.jpg\" alt=\"\"\/>\n\t\t                    <\/li>\n\t\t\t\t\t \t\t\t\t\t\t<\/ul>\n\t\t\t\t<\/div>\n\t\t\t<\/div>\t\t\t\t\n\t\t\t\t\t\t\t<script>\n\t\t    \tjQuery(document).ready(function() {\n\t\t            jQuery('#gwts-gwl-img-gallery3177').lightSlider({\n\t\t                item:1,\t\t                \n\t\t                slideMargin:10,\n\t\t                addClass:'',\n\t\t                speed:1000,\n\t\t                pause:2000,\n\t\t                auto:false,\n\t\t                loop:true,\n\t\t                pager:true,\n\t\t                gallery:true,\n\t\t                thumbItem:9,\n\t    \t\t\t\tcontrols:true,\n\t    \t\t\t\tuseCSS: true,\n\t        \t\t\tcssEasing: 'ease',\n\t        \t\t\teasing: 'linear',\n\t        \t\t\tkeyPress: false,\n\t        \t\t\tslideEndAnimation: true,\n\t        \t\t\tswipeThreshold: 40,        \t\t\t\n\t\t                onSliderLoad: function(el) {\n\t\t                    jQuery('#gwts-gwl-img-gallery3177').removeClass('cS-hidden');\n\t\t                    jQuery('#gwts-gwl-img-gallery3177').addClass('gwts-loaded');\n\t\t\t\t\t\t\tvar maxHeight = 0,\n\t\t\t\t\t\t\tcontainer = jQuery(el),\n\t\t\t\t\t\t\tchildren = container.children();\n\n\t\t\t\t\t\t\tchildren.each(function () {\n\t\t\t\t\t\t\tvar childHeight = jQuery(this).height();\n\t\t\t\t\t\t\tif (childHeight > maxHeight) {\n\t\t\t\t\t\t\tmaxHeight = childHeight;\n\t\t\t\t\t\t\t}\n\t\t\t\t\t\t\t});\n\t\t\t\t\t\t\tcontainer.height(maxHeight);\n\t\t\t\t\t\t\t\n\t\t\t\t\t\t\tvar lithbox = jQuery('#gwts-gwl-img-gallery3177').attr(\"data-litebx\");\n\t\t\t\t\t\t\tif(lithbox=='true'){\n\t\t\t\t\t\t\t\tel.lightGallery({\n\t\t\t\t\t                selector: '#gwts-gwl-img-gallery3177 .lslide'\n\t\t\t\t\t            });\n\t\t\t\t\t\t\t}\t\n\t\t                }  \n\t\t\t        });\n\t\t\t\t});\n\t\t    \t<\/script>\n\n\t\t \n<\/div>\n\t\t\t\t<\/div>\n\t\t\t\t<\/div>\n\t\t\t\t\t\t<\/div>\n\t\t\t\t\t<\/div>\n\t\t<\/div>\n\t\t\t\t<div class=\"elementor-column elementor-col-50 elementor-inner-column elementor-element elementor-element-d85798c\" data-id=\"d85798c\" data-element_type=\"column\">\n\t\t\t<div class=\"elementor-column-wrap\">\n\t\t\t\t\t\t\t<div class=\"elementor-widget-wrap\">\n\t\t\t\t\t\t\t\t<\/div>\n\t\t\t\t\t<\/div>\n\t\t<\/div>\n\t\t\t\t\t\t\t\t<\/div>\n\t\t\t\t\t<\/div>\n\t\t<\/section>\n\t\t\t\t\t\t<\/div>\n\t\t\t\t\t<\/div>\n\t\t<\/div>\n\t\t\t\t\t\t\t\t<\/div>\n\t\t\t\t\t<\/div>\n\t\t<\/section>\n\t\t\t\t\t\t<\/div>\n\t\t\t\t\t\t<\/div>\n\t\t\t\t\t<\/div>\n\t\t","protected":false},"excerpt":{"rendered":"<p>Emin\u00f6n\u00fc &#8211; Kabata\u015f Hatt\u0131 Sultan\u00e7iftli\u011fi &#8211; Edirnekap\u0131 Hatt\u0131 Edirnekap\u0131 &#8211; Topkap\u0131 Hatt\u0131 EM\u0130N\u00d6N\u00dc-KABATA\u015e L\u0130NE Emin\u00f6n\u00fc-Kabata\u015f light rail system is 2.8 km as a double line, it is a route in length, starting from Emin\u00f6n\u00fc Street tram station and passing through yeni Galata Bridge, reaching Kabata\u015f from Karak\u00f6y \u2013 Tophane direction. The Emin\u00f6n\u00fc-Kabata\u015f tram line is [&hellip;]<\/p>\n","protected":false},"author":1,"featured_media":0,"parent":0,"menu_order":0,"comment_status":"closed","ping_status":"closed","template":"elementor_header_footer","meta":[],"_links":{"self":[{"href":"https:\/\/unuvarinsaat.com.tr\/en\/wp-json\/wp\/v2\/pages\/902"}],"collection":[{"href":"https:\/\/unuvarinsaat.com.tr\/en\/wp-json\/wp\/v2\/pages"}],"about":[{"href":"https:\/\/unuvarinsaat.com.tr\/en\/wp-json\/wp\/v2\/types\/page"}],"author":[{"embeddable":true,"href":"https:\/\/unuvarinsaat.com.tr\/en\/wp-json\/wp\/v2\/users\/1"}],"replies":[{"embeddable":true,"href":"https:\/\/unuvarinsaat.com.tr\/en\/wp-json\/wp\/v2\/comments?post=902"}],"version-history":[{"count":11,"href":"https:\/\/unuvarinsaat.com.tr\/en\/wp-json\/wp\/v2\/pages\/902\/revisions"}],"predecessor-version":[{"id":3980,"href":"https:\/\/unuvarinsaat.com.tr\/en\/wp-json\/wp\/v2\/pages\/902\/revisions\/3980"}],"wp:attachment":[{"href":"https:\/\/unuvarinsaat.com.tr\/en\/wp-json\/wp\/v2\/media?parent=902"}],"curies":[{"name":"wp","href":"https:\/\/api.w.org\/{rel}","templated":true}]}}