{"id":4016,"date":"2021-04-08T16:50:27","date_gmt":"2021-04-08T13:50:27","guid":{"rendered":"https:\/\/unuvarinsaat.com.tr\/en\/beykoz-sahil-seridi-insaati-copy-copy\/"},"modified":"2021-06-25T10:00:03","modified_gmt":"2021-06-25T07:00:03","slug":"beykoz-sahil-seridi-insaati-copy-copy","status":"publish","type":"page","link":"https:\/\/unuvarinsaat.com.tr\/en\/beykoz-sahil-seridi-insaati-copy-copy\/","title":{"rendered":"Edirne S\u0131n\u0131r Kap\u0131s\u0131 \u0130\u015fleri"},"content":{"rendered":"\t\t<div data-elementor-type=\"wp-post\" data-elementor-id=\"4016\" class=\"elementor elementor-4016\" data-elementor-settings=\"[]\">\n\t\t\t\t\t\t<div class=\"elementor-inner\">\n\t\t\t\t\t\t\t<div class=\"elementor-section-wrap\">\n\t\t\t\t\t\t\t<section class=\"elementor-section elementor-top-section elementor-element elementor-element-fb6330f elementor-reverse-tablet elementor-reverse-mobile elementor-section-stretched elementor-section-boxed elementor-section-height-default elementor-section-height-default\" data-id=\"fb6330f\" data-element_type=\"section\" data-settings=\"{&quot;stretch_section&quot;:&quot;section-stretched&quot;}\">\n\t\t\t\t\t\t<div class=\"elementor-container elementor-column-gap-default\">\n\t\t\t\t\t\t\t<div class=\"elementor-row\">\n\t\t\t\t\t<div class=\"elementor-column elementor-col-50 elementor-top-column elementor-element elementor-element-a26188d\" data-id=\"a26188d\" data-element_type=\"column\">\n\t\t\t<div class=\"elementor-column-wrap elementor-element-populated\">\n\t\t\t\t\t\t\t<div class=\"elementor-widget-wrap\">\n\t\t\t\t\t\t<div class=\"elementor-element elementor-element-1c34108 elementor-view-diger-projeler sd elementor-widget elementor-widget-ova_menu\" data-id=\"1c34108\" data-element_type=\"widget\" data-widget_type=\"ova_menu.default\">\n\t\t\t\t<div class=\"elementor-widget-container\">\n\t\t\t\t\t<div class=\"ova_menu_clasic\">\n\t\t\t<div class=\"ova_wrap_nav column NavBtn_left NavBtn_left\">\n\n\t\t\t\t<button class=\"ova_openNav\" type=\"button\">\n\t\t\t\t\t<span class=\"bar\">\n\t\t\t\t\t\t<span class=\"bar-menu-line\"><\/span>\n\t\t\t\t\t\t<span class=\"bar-menu-line\"><\/span>\n\t\t\t\t\t\t<span class=\"bar-menu-line\"><\/span>\n\t\t\t\t\t<\/span>\n\t\t\t\t<\/button>\n\n\t\t\t\t<div class=\"ova_nav canvas_left canvas_bg_gray\">\n\t\t\t\t\t<a href=\"javascript:void(0)\" class=\"ova_closeNav\"><i class=\"fas fa-times\"><\/i><\/a>\n\t\t\t\t\t<ul id=\"menu-diger-projeler\" class=\"menu sub_menu_dir_left\"><li id=\"menu-item-3072\" class=\"menu-item menu-item-type-post_type menu-item-object-page menu-item-3072\"><a title=\"Unsaphire Hotel\" href=\"https:\/\/unuvarinsaat.com.tr\/en\/unsaphire-hotelin-insaati\/\">Unsaphire Hotel<\/a><\/li>\n<li id=\"menu-item-3071\" class=\"menu-item menu-item-type-post_type menu-item-object-page menu-item-3071\"><a title=\"Fatih Governor Palace\" href=\"https:\/\/unuvarinsaat.com.tr\/en\/fatih-hukumet-konagi\/\">Fatih Governor Palace<\/a><\/li>\n<li id=\"menu-item-3074\" class=\"menu-item menu-item-type-post_type menu-item-object-page menu-item-3074\"><a title=\"Cengelkoy Villas\" href=\"https:\/\/unuvarinsaat.com.tr\/en\/cengelkoy-villalari\/\">Cengelkoy Villas<\/a><\/li>\n<li id=\"menu-item-3075\" class=\"menu-item menu-item-type-post_type menu-item-object-page menu-item-3075\"><a title=\"Tarabya Camlik Villas\" href=\"https:\/\/unuvarinsaat.com.tr\/en\/tarabya-camlik-villa-insaati\/\">Tarabya Camlik Villas<\/a><\/li>\n<li id=\"menu-item-3078\" class=\"menu-item menu-item-type-post_type menu-item-object-page menu-item-3078\"><a title=\"Metin Oktay Sports Hall And Swimming Pool\" href=\"https:\/\/unuvarinsaat.com.tr\/en\/metin-oktay-spor-salonu-ve-yuzme-havuzu-insaati\/\">Metin Oktay Sports Hall And Swimming Pool<\/a><\/li>\n<li id=\"menu-item-3079\" class=\"menu-item menu-item-type-post_type menu-item-object-page menu-item-3079\"><a title=\"Headquarters Building\" href=\"https:\/\/unuvarinsaat.com.tr\/en\/merkez-ofis-insaati\/\">Headquarters Building<\/a><\/li>\n<li id=\"menu-item-3080\" class=\"menu-item menu-item-type-post_type menu-item-object-page menu-item-3080\"><a title=\"Haydarpasa Hospital\" href=\"https:\/\/unuvarinsaat.com.tr\/en\/hastane-insaatlari\/\">Haydarpasa Hospital<\/a><\/li>\n<li id=\"menu-item-3473\" class=\"menu-item menu-item-type-post_type menu-item-object-page menu-item-3473\"><a title=\"Damascus Hospital\" href=\"https:\/\/unuvarinsaat.com.tr\/en\/suriye-hastane\/\">Damascus Hospital<\/a><\/li>\n<li id=\"menu-item-3081\" class=\"menu-item menu-item-type-post_type menu-item-object-page menu-item-3081\"><a title=\"Private Residence Blocks\" href=\"https:\/\/unuvarinsaat.com.tr\/en\/ozel-konutlar\/\">Private Residence Blocks<\/a><\/li>\n<li id=\"menu-item-3579\" class=\"menu-item menu-item-type-post_type menu-item-object-page menu-item-3579\"><a title=\"Kuwait School Buildings\" href=\"https:\/\/unuvarinsaat.com.tr\/en\/kuveyt-okul-projesi\/\">Kuwait School Buildings<\/a><\/li>\n<li id=\"menu-item-4024\" class=\"menu-item menu-item-type-post_type menu-item-object-page menu-item-4024\"><a title=\"Villas And Living Compound\" href=\"https:\/\/unuvarinsaat.com.tr\/en\/suriye-hastane-copy\/\">Villas And Living Compound<\/a><\/li>\n<li id=\"menu-item-3922\" class=\"menu-item menu-item-type-post_type menu-item-object-page menu-item-3922\"><a title=\"\u0130stanbul Forensic Medicine Building\" href=\"https:\/\/unuvarinsaat.com.tr\/en\/beykoz-sahil-seridi-insaati-copy\/\">\u0130stanbul Forensic Medicine Building<\/a><\/li>\n<li id=\"menu-item-4023\" class=\"menu-item menu-item-type-post_type menu-item-object-page menu-item-4023\"><a title=\"Edirne Border Crossing Work\" href=\"https:\/\/unuvarinsaat.com.tr\/en\/beykoz-sahil-seridi-insaati-copy-copy\/\">Edirne Border Crossing Work<\/a><\/li>\n<\/ul>\t\t\t\t<\/div>\n\n\t\t\t\t<div class=\"ova_closeCanvas ova_closeNav\"><\/div>\n\t\t\t<\/div>\n\t\t<\/div>\n\t\t\n\t\t\n\n\t\t\t<\/div>\n\t\t\t\t<\/div>\n\t\t\t\t\t\t<\/div>\n\t\t\t\t\t<\/div>\n\t\t<\/div>\n\t\t\t\t<div class=\"elementor-column elementor-col-50 elementor-top-column elementor-element elementor-element-905d9e5\" data-id=\"905d9e5\" data-element_type=\"column\">\n\t\t\t<div class=\"elementor-column-wrap elementor-element-populated\">\n\t\t\t\t\t\t\t<div class=\"elementor-widget-wrap\">\n\t\t\t\t\t\t<div class=\"elementor-element elementor-element-4ca7178 elementor-widget elementor-widget-heading\" data-id=\"4ca7178\" data-element_type=\"widget\" data-widget_type=\"heading.default\">\n\t\t\t\t<div class=\"elementor-widget-container\">\n\t\t\t<h1 class=\"elementor-heading-title elementor-size-default\">EDIRNE BORDER CROSSING WORK<\/h1>\t\t<\/div>\n\t\t\t\t<\/div>\n\t\t\t\t<section class=\"elementor-section elementor-inner-section elementor-element elementor-element-35572fd elementor-section-boxed elementor-section-height-default elementor-section-height-default\" data-id=\"35572fd\" data-element_type=\"section\">\n\t\t\t\t\t\t<div class=\"elementor-container elementor-column-gap-default\">\n\t\t\t\t\t\t\t<div class=\"elementor-row\">\n\t\t\t\t\t<div class=\"elementor-column elementor-col-50 elementor-inner-column elementor-element elementor-element-b6f45f9\" data-id=\"b6f45f9\" data-element_type=\"column\">\n\t\t\t<div class=\"elementor-column-wrap elementor-element-populated\">\n\t\t\t\t\t\t\t<div class=\"elementor-widget-wrap\">\n\t\t\t\t\t\t<div class=\"elementor-element elementor-element-20af054 elementor-widget elementor-widget-text-editor\" data-id=\"20af054\" data-element_type=\"widget\" data-widget_type=\"text-editor.default\">\n\t\t\t\t<div class=\"elementor-widget-container\">\n\t\t\t\t\t<div class=\"elementor-text-editor elementor-clearfix\">\t\t \t<div class=\"item\">            \n\t        \t<div class=\"clearfix\" >\n\n\t\t\t \t\t            \t<ul id=\"gwts-gwl-img-gallery4017\" class=\"gwts-gwl-slidergal list-unstyled cS-hidden\" data-litebx=\"true\">\n\t\t\t\t        \t\t\t\t\t \t\t<li data-thumb=\"https:\/\/unuvarinsaat.com.tr\/en\/wp-content\/uploads\/2021\/04\/EDIRNE-SINIR-KAPISI-ISLERI-2-150x150.jpg\" data-responsive=\"https:\/\/unuvarinsaat.com.tr\/en\/wp-content\/uploads\/2021\/04\/EDIRNE-SINIR-KAPISI-ISLERI-2-150x150.jpg\" data-src=\"https:\/\/unuvarinsaat.com.tr\/en\/wp-content\/uploads\/2021\/04\/EDIRNE-SINIR-KAPISI-ISLERI-2.jpg\"> \n\t\t                    \t<img src=\"https:\/\/unuvarinsaat.com.tr\/en\/wp-content\/uploads\/2021\/04\/EDIRNE-SINIR-KAPISI-ISLERI-2.jpg\" alt=\"\"\/>\n\t\t                    <\/li>\n\t\t\t\t\t \t\t\t\t\t\t \t\t<li data-thumb=\"https:\/\/unuvarinsaat.com.tr\/en\/wp-content\/uploads\/2021\/04\/EDIRNE-SINIR-KAPISI-ISLERI-3-150x150.jpg\" data-responsive=\"https:\/\/unuvarinsaat.com.tr\/en\/wp-content\/uploads\/2021\/04\/EDIRNE-SINIR-KAPISI-ISLERI-3-150x150.jpg\" data-src=\"https:\/\/unuvarinsaat.com.tr\/en\/wp-content\/uploads\/2021\/04\/EDIRNE-SINIR-KAPISI-ISLERI-3.jpg\"> \n\t\t                    \t<img src=\"https:\/\/unuvarinsaat.com.tr\/en\/wp-content\/uploads\/2021\/04\/EDIRNE-SINIR-KAPISI-ISLERI-3.jpg\" alt=\"\"\/>\n\t\t                    <\/li>\n\t\t\t\t\t \t\t\t\t\t\t \t\t<li data-thumb=\"https:\/\/unuvarinsaat.com.tr\/en\/wp-content\/uploads\/2021\/04\/EDIRNE-SINIR-KAPISI-ISLERI-150x150.jpg\" data-responsive=\"https:\/\/unuvarinsaat.com.tr\/en\/wp-content\/uploads\/2021\/04\/EDIRNE-SINIR-KAPISI-ISLERI-150x150.jpg\" data-src=\"https:\/\/unuvarinsaat.com.tr\/en\/wp-content\/uploads\/2021\/04\/EDIRNE-SINIR-KAPISI-ISLERI.jpg\"> \n\t\t                    \t<img src=\"https:\/\/unuvarinsaat.com.tr\/en\/wp-content\/uploads\/2021\/04\/EDIRNE-SINIR-KAPISI-ISLERI.jpg\" alt=\"\"\/>\n\t\t                    <\/li>\n\t\t\t\t\t \t\t\t\t\t\t<\/ul>\n\t\t\t\t<\/div>\n\t\t\t<\/div>\t\t\t\t\n\t\t\t\t\t\t\t<script>\n\t\t    \tjQuery(document).ready(function() {\n\t\t            jQuery('#gwts-gwl-img-gallery4017').lightSlider({\n\t\t                item:1,\t\t                \n\t\t                slideMargin:10,\n\t\t                addClass:'',\n\t\t                speed:1000,\n\t\t                pause:2000,\n\t\t                auto:false,\n\t\t                loop:true,\n\t\t                pager:true,\n\t\t                gallery:true,\n\t\t                thumbItem:9,\n\t    \t\t\t\tcontrols:true,\n\t    \t\t\t\tuseCSS: true,\n\t        \t\t\tcssEasing: 'ease',\n\t        \t\t\teasing: 'linear',\n\t        \t\t\tkeyPress: false,\n\t        \t\t\tslideEndAnimation: true,\n\t        \t\t\tswipeThreshold: 40,        \t\t\t\n\t\t                onSliderLoad: function(el) {\n\t\t                    jQuery('#gwts-gwl-img-gallery4017').removeClass('cS-hidden');\n\t\t                    jQuery('#gwts-gwl-img-gallery4017').addClass('gwts-loaded');\n\t\t\t\t\t\t\tvar maxHeight = 0,\n\t\t\t\t\t\t\tcontainer = jQuery(el),\n\t\t\t\t\t\t\tchildren = container.children();\n\n\t\t\t\t\t\t\tchildren.each(function () {\n\t\t\t\t\t\t\tvar childHeight = jQuery(this).height();\n\t\t\t\t\t\t\tif (childHeight > maxHeight) {\n\t\t\t\t\t\t\tmaxHeight = childHeight;\n\t\t\t\t\t\t\t}\n\t\t\t\t\t\t\t});\n\t\t\t\t\t\t\tcontainer.height(maxHeight);\n\t\t\t\t\t\t\t\n\t\t\t\t\t\t\tvar lithbox = jQuery('#gwts-gwl-img-gallery4017').attr(\"data-litebx\");\n\t\t\t\t\t\t\tif(lithbox=='true'){\n\t\t\t\t\t\t\t\tel.lightGallery({\n\t\t\t\t\t                selector: '#gwts-gwl-img-gallery4017 .lslide'\n\t\t\t\t\t            });\n\t\t\t\t\t\t\t}\t\n\t\t                }  \n\t\t\t        });\n\t\t\t\t});\n\t\t    \t<\/script>\n\n\t\t \n<\/div>\n\t\t\t\t<\/div>\n\t\t\t\t<\/div>\n\t\t\t\t\t\t<\/div>\n\t\t\t\t\t<\/div>\n\t\t<\/div>\n\t\t\t\t<div class=\"elementor-column elementor-col-50 elementor-inner-column elementor-element elementor-element-6de4a1f\" data-id=\"6de4a1f\" data-element_type=\"column\">\n\t\t\t<div class=\"elementor-column-wrap\">\n\t\t\t\t\t\t\t<div class=\"elementor-widget-wrap\">\n\t\t\t\t\t\t\t\t<\/div>\n\t\t\t\t\t<\/div>\n\t\t<\/div>\n\t\t\t\t\t\t\t\t<\/div>\n\t\t\t\t\t<\/div>\n\t\t<\/section>\n\t\t\t\t\t\t<\/div>\n\t\t\t\t\t<\/div>\n\t\t<\/div>\n\t\t\t\t\t\t\t\t<\/div>\n\t\t\t\t\t<\/div>\n\t\t<\/section>\n\t\t\t\t\t\t<\/div>\n\t\t\t\t\t\t<\/div>\n\t\t\t\t\t<\/div>\n\t\t","protected":false},"excerpt":{"rendered":"<p>\u00dcnsaphire Hotel \u0130n\u015faat\u0131 Fatih H\u00fck\u00fcmet Kona\u011f\u0131 \u00c7engelk\u00f6y Villalar\u0131 Tarabya \u00c7aml\u0131k Villalar \u0130n\u015faat\u0131 Metin Oktay Spor Salonu ve Y\u00fczme Havuzu \u0130n\u015faat\u0131 Merkez Ofis \u0130n\u015faat\u0131 Haydarpa\u015fa Numune Hastanesi \u0130n\u015faat\u0131 Suriye \u015eam Hastanesi \u00d6zel Konutlar Kuveyt Okul Projesi S\u00f6ke Villalar\u0131 Ve Ya\u015fam Kompleksi \u0130stanbul Adli T\u0131p \u0130n\u015faat\u0131 Edirne S\u0131n\u0131r Kap\u0131s\u0131 \u0130\u015fleri EDIRNE BORDER CROSSING WORK<\/p>\n","protected":false},"author":1,"featured_media":0,"parent":0,"menu_order":0,"comment_status":"closed","ping_status":"closed","template":"elementor_header_footer","meta":[],"_links":{"self":[{"href":"https:\/\/unuvarinsaat.com.tr\/en\/wp-json\/wp\/v2\/pages\/4016"}],"collection":[{"href":"https:\/\/unuvarinsaat.com.tr\/en\/wp-json\/wp\/v2\/pages"}],"about":[{"href":"https:\/\/unuvarinsaat.com.tr\/en\/wp-json\/wp\/v2\/types\/page"}],"author":[{"embeddable":true,"href":"https:\/\/unuvarinsaat.com.tr\/en\/wp-json\/wp\/v2\/users\/1"}],"replies":[{"embeddable":true,"href":"https:\/\/unuvarinsaat.com.tr\/en\/wp-json\/wp\/v2\/comments?post=4016"}],"version-history":[{"count":3,"href":"https:\/\/unuvarinsaat.com.tr\/en\/wp-json\/wp\/v2\/pages\/4016\/revisions"}],"predecessor-version":[{"id":4070,"href":"https:\/\/unuvarinsaat.com.tr\/en\/wp-json\/wp\/v2\/pages\/4016\/revisions\/4070"}],"wp:attachment":[{"href":"https:\/\/unuvarinsaat.com.tr\/en\/wp-json\/wp\/v2\/media?parent=4016"}],"curies":[{"name":"wp","href":"https:\/\/api.w.org\/{rel}","templated":true}]}}