{"id":2967,"date":"2020-10-09T17:21:14","date_gmt":"2020-10-09T14:21:14","guid":{"rendered":"https:\/\/sosyaldizayn.com\/unuvar\/eminonu-kabatas-hatti-copy\/"},"modified":"2020-12-15T18:52:15","modified_gmt":"2020-12-15T15:52:15","slug":"sultanciftlik-edirne-line","status":"publish","type":"page","link":"https:\/\/unuvarinsaat.com.tr\/en\/sultanciftlik-edirne-line\/","title":{"rendered":"Sultan\u00e7iftlik -Edirne Line"},"content":{"rendered":"\t\t<div data-elementor-type=\"wp-post\" data-elementor-id=\"2967\" class=\"elementor elementor-2967\" data-elementor-settings=\"[]\">\n\t\t\t\t\t\t<div class=\"elementor-inner\">\n\t\t\t\t\t\t\t<div class=\"elementor-section-wrap\">\n\t\t\t\t\t\t\t<section class=\"elementor-section elementor-top-section elementor-element elementor-element-37859ef elementor-reverse-tablet elementor-reverse-mobile elementor-section-stretched elementor-section-boxed elementor-section-height-default elementor-section-height-default\" data-id=\"37859ef\" data-element_type=\"section\" data-settings=\"{&quot;stretch_section&quot;:&quot;section-stretched&quot;}\">\n\t\t\t\t\t\t<div class=\"elementor-container elementor-column-gap-default\">\n\t\t\t\t\t\t\t<div class=\"elementor-row\">\n\t\t\t\t\t<div class=\"elementor-column elementor-col-50 elementor-top-column elementor-element elementor-element-7d90921\" data-id=\"7d90921\" data-element_type=\"column\">\n\t\t\t<div class=\"elementor-column-wrap elementor-element-populated\">\n\t\t\t\t\t\t\t<div class=\"elementor-widget-wrap\">\n\t\t\t\t\t\t<div class=\"elementor-element elementor-element-a3e8a8f elementor-view-hafif-rayli-sistem-projeleri sd elementor-widget elementor-widget-ova_menu\" data-id=\"a3e8a8f\" data-element_type=\"widget\" data-widget_type=\"ova_menu.default\">\n\t\t\t\t<div class=\"elementor-widget-container\">\n\t\t\t\t\t<div class=\"ova_menu_clasic\">\n\t\t\t<div class=\"ova_wrap_nav column NavBtn_left NavBtn_left\">\n\n\t\t\t\t<button class=\"ova_openNav\" type=\"button\">\n\t\t\t\t\t<span class=\"bar\">\n\t\t\t\t\t\t<span class=\"bar-menu-line\"><\/span>\n\t\t\t\t\t\t<span class=\"bar-menu-line\"><\/span>\n\t\t\t\t\t\t<span class=\"bar-menu-line\"><\/span>\n\t\t\t\t\t<\/span>\n\t\t\t\t<\/button>\n\n\t\t\t\t<div class=\"ova_nav canvas_left canvas_bg_gray\">\n\t\t\t\t\t<a href=\"javascript:void(0)\" class=\"ova_closeNav\"><i class=\"fas fa-times\"><\/i><\/a>\n\t\t\t\t\t<ul id=\"menu-hafif-rayli-sistem-projeleri\" class=\"menu sub_menu_dir_left\"><li id=\"menu-item-3061\" class=\"menu-item menu-item-type-post_type menu-item-object-page menu-item-3061\"><a title=\"Emin\u00f6n\u00fc - Kabata\u015f Line\" href=\"https:\/\/unuvarinsaat.com.tr\/en\/eminonu-kabatas-line\/\">Emin\u00f6n\u00fc &#8211; Kabata\u015f Line<\/a><\/li>\n<li id=\"menu-item-3093\" class=\"menu-item menu-item-type-post_type menu-item-object-page menu-item-3093\"><a title=\"Sultan\u00e7iftli\u011fi - Edirnekap\u0131 Line\" href=\"https:\/\/unuvarinsaat.com.tr\/en\/sultanciftlik-edirne-line\/\">Sultan\u00e7iftli\u011fi &#8211; Edirnekap\u0131 Line<\/a><\/li>\n<li id=\"menu-item-3063\" class=\"menu-item menu-item-type-post_type menu-item-object-page menu-item-3063\"><a title=\"Edirnekap\u0131 - Topkap\u0131 Line\" href=\"https:\/\/unuvarinsaat.com.tr\/en\/edirne-topkapi-line\/\">Edirnekap\u0131 &#8211; Topkap\u0131 Line<\/a><\/li>\n<\/ul>\t\t\t\t<\/div>\n\n\t\t\t\t<div class=\"ova_closeCanvas ova_closeNav\"><\/div>\n\t\t\t<\/div>\n\t\t<\/div>\n\t\t\n\t\t\n\n\t\t\t<\/div>\n\t\t\t\t<\/div>\n\t\t\t\t\t\t<\/div>\n\t\t\t\t\t<\/div>\n\t\t<\/div>\n\t\t\t\t<div class=\"elementor-column elementor-col-50 elementor-top-column elementor-element elementor-element-333bbfb\" data-id=\"333bbfb\" data-element_type=\"column\">\n\t\t\t<div class=\"elementor-column-wrap elementor-element-populated\">\n\t\t\t\t\t\t\t<div class=\"elementor-widget-wrap\">\n\t\t\t\t\t\t<div class=\"elementor-element elementor-element-85f3128 elementor-widget elementor-widget-heading\" data-id=\"85f3128\" data-element_type=\"widget\" data-widget_type=\"heading.default\">\n\t\t\t\t<div class=\"elementor-widget-container\">\n\t\t\t<h3 class=\"elementor-heading-title elementor-size-default\">SULTAN\u00c7\u0130FTL\u0130K-ED\u0130RNE L\u0130NE\n<\/h3>\t\t<\/div>\n\t\t\t\t<\/div>\n\t\t\t\t<section class=\"elementor-section elementor-inner-section elementor-element elementor-element-07577f8 elementor-section-boxed elementor-section-height-default elementor-section-height-default\" data-id=\"07577f8\" data-element_type=\"section\">\n\t\t\t\t\t\t<div class=\"elementor-container elementor-column-gap-default\">\n\t\t\t\t\t\t\t<div class=\"elementor-row\">\n\t\t\t\t\t<div class=\"elementor-column elementor-col-50 elementor-inner-column elementor-element elementor-element-502e66d\" data-id=\"502e66d\" data-element_type=\"column\">\n\t\t\t<div class=\"elementor-column-wrap elementor-element-populated\">\n\t\t\t\t\t\t\t<div class=\"elementor-widget-wrap\">\n\t\t\t\t\t\t<div class=\"elementor-element elementor-element-7f4f813 elementor-widget elementor-widget-text-editor\" data-id=\"7f4f813\" data-element_type=\"widget\" data-widget_type=\"text-editor.default\">\n\t\t\t\t<div class=\"elementor-widget-container\">\n\t\t\t\t\t<div class=\"elementor-text-editor elementor-clearfix\">Sultan\u00e7iftlik \u2013 Edirne light rail system is 12.5 km as a double line. Bayrampasa and Gaziosmanpasa districts pass through the old Edirne asphalt, starting from Edirne, and reaching Masjid Salam. The project was presented to the people of Istanbul in September 2007 and aims to solve the increasing passenger demands and transportation problem on this route, which is one of the most crowded arteries of Istanbul, where commercial and social life is intense.\n\n<\/div>\n\t\t\t\t<\/div>\n\t\t\t\t<\/div>\n\t\t\t\t<div class=\"elementor-element elementor-element-f3b3123 elementor-widget elementor-widget-text-editor\" data-id=\"f3b3123\" data-element_type=\"widget\" data-widget_type=\"text-editor.default\">\n\t\t\t\t<div class=\"elementor-widget-container\">\n\t\t\t\t\t<div class=\"elementor-text-editor elementor-clearfix\"><div id=\"post-body\" class=\"metabox-holder columns-2\"><div id=\"postbox-container-2\" class=\"postbox-container\"><div id=\"advanced-sortables\" class=\"meta-box-sortables ui-sortable\"><div id=\"gwts-gwl-metabox-id\" class=\"postbox \"><div class=\"inside\"><div class=\"showshrotcode\">\t\t \t<div class=\"item\">            \n\t        \t<div class=\"clearfix\" >\n\n\t\t\t \t\t            \t<ul id=\"gwts-gwl-img-gallery3194\" class=\"gwts-gwl-slidergal list-unstyled cS-hidden\" data-litebx=\"true\">\n\t\t\t\t        \t\t\t\t\t \t\t<li data-thumb=\"https:\/\/unuvarinsaat.com.tr\/en\/wp-content\/uploads\/2020\/10\/25092008140935-150x150.jpg\" data-responsive=\"https:\/\/unuvarinsaat.com.tr\/en\/wp-content\/uploads\/2020\/10\/25092008140935-150x150.jpg\" data-src=\"https:\/\/unuvarinsaat.com.tr\/en\/wp-content\/uploads\/2020\/10\/25092008140935.jpg\"> \n\t\t                    \t<img src=\"https:\/\/unuvarinsaat.com.tr\/en\/wp-content\/uploads\/2020\/10\/25092008140935.jpg\" alt=\"\"\/>\n\t\t                    <\/li>\n\t\t\t\t\t \t\t\t\t\t\t \t\t<li data-thumb=\"https:\/\/unuvarinsaat.com.tr\/en\/wp-content\/uploads\/2020\/10\/25092008140957-150x150.jpg\" data-responsive=\"https:\/\/unuvarinsaat.com.tr\/en\/wp-content\/uploads\/2020\/10\/25092008140957-150x150.jpg\" data-src=\"https:\/\/unuvarinsaat.com.tr\/en\/wp-content\/uploads\/2020\/10\/25092008140957.jpg\"> \n\t\t                    \t<img src=\"https:\/\/unuvarinsaat.com.tr\/en\/wp-content\/uploads\/2020\/10\/25092008140957.jpg\" alt=\"\"\/>\n\t\t                    <\/li>\n\t\t\t\t\t \t\t\t\t\t\t \t\t<li data-thumb=\"https:\/\/unuvarinsaat.com.tr\/en\/wp-content\/uploads\/2020\/10\/25092008140926-150x150.jpg\" data-responsive=\"https:\/\/unuvarinsaat.com.tr\/en\/wp-content\/uploads\/2020\/10\/25092008140926-150x150.jpg\" data-src=\"https:\/\/unuvarinsaat.com.tr\/en\/wp-content\/uploads\/2020\/10\/25092008140926.jpg\"> \n\t\t                    \t<img src=\"https:\/\/unuvarinsaat.com.tr\/en\/wp-content\/uploads\/2020\/10\/25092008140926.jpg\" alt=\"\"\/>\n\t\t                    <\/li>\n\t\t\t\t\t \t\t\t\t\t\t \t\t<li data-thumb=\"https:\/\/unuvarinsaat.com.tr\/en\/wp-content\/uploads\/2020\/10\/25092008141006-150x150.jpg\" data-responsive=\"https:\/\/unuvarinsaat.com.tr\/en\/wp-content\/uploads\/2020\/10\/25092008141006-150x150.jpg\" data-src=\"https:\/\/unuvarinsaat.com.tr\/en\/wp-content\/uploads\/2020\/10\/25092008141006.jpg\"> \n\t\t                    \t<img src=\"https:\/\/unuvarinsaat.com.tr\/en\/wp-content\/uploads\/2020\/10\/25092008141006.jpg\" alt=\"\"\/>\n\t\t                    <\/li>\n\t\t\t\t\t \t\t\t\t\t\t \t\t<li data-thumb=\"https:\/\/unuvarinsaat.com.tr\/en\/wp-content\/uploads\/2020\/10\/25092008140946-150x150.jpg\" data-responsive=\"https:\/\/unuvarinsaat.com.tr\/en\/wp-content\/uploads\/2020\/10\/25092008140946-150x150.jpg\" data-src=\"https:\/\/unuvarinsaat.com.tr\/en\/wp-content\/uploads\/2020\/10\/25092008140946.jpg\"> \n\t\t                    \t<img src=\"https:\/\/unuvarinsaat.com.tr\/en\/wp-content\/uploads\/2020\/10\/25092008140946.jpg\" alt=\"\"\/>\n\t\t                    <\/li>\n\t\t\t\t\t \t\t\t\t\t\t \t\t<li data-thumb=\"https:\/\/unuvarinsaat.com.tr\/en\/wp-content\/uploads\/2020\/10\/25092008140845-150x150.jpg\" data-responsive=\"https:\/\/unuvarinsaat.com.tr\/en\/wp-content\/uploads\/2020\/10\/25092008140845-150x150.jpg\" data-src=\"https:\/\/unuvarinsaat.com.tr\/en\/wp-content\/uploads\/2020\/10\/25092008140845.jpg\"> \n\t\t                    \t<img src=\"https:\/\/unuvarinsaat.com.tr\/en\/wp-content\/uploads\/2020\/10\/25092008140845.jpg\" alt=\"\"\/>\n\t\t                    <\/li>\n\t\t\t\t\t \t\t\t\t\t\t \t\t<li data-thumb=\"https:\/\/unuvarinsaat.com.tr\/en\/wp-content\/uploads\/2020\/10\/25092008141103-150x150.jpg\" data-responsive=\"https:\/\/unuvarinsaat.com.tr\/en\/wp-content\/uploads\/2020\/10\/25092008141103-150x150.jpg\" data-src=\"https:\/\/unuvarinsaat.com.tr\/en\/wp-content\/uploads\/2020\/10\/25092008141103.jpg\"> \n\t\t                    \t<img src=\"https:\/\/unuvarinsaat.com.tr\/en\/wp-content\/uploads\/2020\/10\/25092008141103.jpg\" alt=\"\"\/>\n\t\t                    <\/li>\n\t\t\t\t\t \t\t\t\t\t\t \t\t<li data-thumb=\"https:\/\/unuvarinsaat.com.tr\/en\/wp-content\/uploads\/2020\/10\/25092008140828-150x150.jpg\" data-responsive=\"https:\/\/unuvarinsaat.com.tr\/en\/wp-content\/uploads\/2020\/10\/25092008140828-150x150.jpg\" data-src=\"https:\/\/unuvarinsaat.com.tr\/en\/wp-content\/uploads\/2020\/10\/25092008140828.jpg\"> \n\t\t                    \t<img src=\"https:\/\/unuvarinsaat.com.tr\/en\/wp-content\/uploads\/2020\/10\/25092008140828.jpg\" alt=\"\"\/>\n\t\t                    <\/li>\n\t\t\t\t\t \t\t\t\t\t\t \t\t<li data-thumb=\"https:\/\/unuvarinsaat.com.tr\/en\/wp-content\/uploads\/2020\/10\/25092008140837-150x150.jpg\" data-responsive=\"https:\/\/unuvarinsaat.com.tr\/en\/wp-content\/uploads\/2020\/10\/25092008140837-150x150.jpg\" data-src=\"https:\/\/unuvarinsaat.com.tr\/en\/wp-content\/uploads\/2020\/10\/25092008140837.jpg\"> \n\t\t                    \t<img src=\"https:\/\/unuvarinsaat.com.tr\/en\/wp-content\/uploads\/2020\/10\/25092008140837.jpg\" alt=\"\"\/>\n\t\t                    <\/li>\n\t\t\t\t\t \t\t\t\t\t\t \t\t<li data-thumb=\"https:\/\/unuvarinsaat.com.tr\/en\/wp-content\/uploads\/2020\/10\/25092008140814-150x150.jpg\" data-responsive=\"https:\/\/unuvarinsaat.com.tr\/en\/wp-content\/uploads\/2020\/10\/25092008140814-150x150.jpg\" data-src=\"https:\/\/unuvarinsaat.com.tr\/en\/wp-content\/uploads\/2020\/10\/25092008140814.jpg\"> \n\t\t                    \t<img src=\"https:\/\/unuvarinsaat.com.tr\/en\/wp-content\/uploads\/2020\/10\/25092008140814.jpg\" alt=\"\"\/>\n\t\t                    <\/li>\n\t\t\t\t\t \t\t\t\t\t\t \t\t<li data-thumb=\"https:\/\/unuvarinsaat.com.tr\/en\/wp-content\/uploads\/2020\/10\/25092008140821-150x150.jpg\" data-responsive=\"https:\/\/unuvarinsaat.com.tr\/en\/wp-content\/uploads\/2020\/10\/25092008140821-150x150.jpg\" data-src=\"https:\/\/unuvarinsaat.com.tr\/en\/wp-content\/uploads\/2020\/10\/25092008140821.jpg\"> \n\t\t                    \t<img src=\"https:\/\/unuvarinsaat.com.tr\/en\/wp-content\/uploads\/2020\/10\/25092008140821.jpg\" alt=\"\"\/>\n\t\t                    <\/li>\n\t\t\t\t\t \t\t\t\t\t\t \t\t<li data-thumb=\"https:\/\/unuvarinsaat.com.tr\/en\/wp-content\/uploads\/2020\/10\/25092008140903-150x150.jpg\" data-responsive=\"https:\/\/unuvarinsaat.com.tr\/en\/wp-content\/uploads\/2020\/10\/25092008140903-150x150.jpg\" data-src=\"https:\/\/unuvarinsaat.com.tr\/en\/wp-content\/uploads\/2020\/10\/25092008140903.jpg\"> \n\t\t                    \t<img src=\"https:\/\/unuvarinsaat.com.tr\/en\/wp-content\/uploads\/2020\/10\/25092008140903.jpg\" alt=\"\"\/>\n\t\t                    <\/li>\n\t\t\t\t\t \t\t\t\t\t\t \t\t<li data-thumb=\"https:\/\/unuvarinsaat.com.tr\/en\/wp-content\/uploads\/2020\/10\/25092008141019-150x150.jpg\" data-responsive=\"https:\/\/unuvarinsaat.com.tr\/en\/wp-content\/uploads\/2020\/10\/25092008141019-150x150.jpg\" data-src=\"https:\/\/unuvarinsaat.com.tr\/en\/wp-content\/uploads\/2020\/10\/25092008141019.jpg\"> \n\t\t                    \t<img src=\"https:\/\/unuvarinsaat.com.tr\/en\/wp-content\/uploads\/2020\/10\/25092008141019.jpg\" alt=\"\"\/>\n\t\t                    <\/li>\n\t\t\t\t\t \t\t\t\t\t\t \t\t<li data-thumb=\"https:\/\/unuvarinsaat.com.tr\/en\/wp-content\/uploads\/2020\/10\/25092008141012-150x150.jpg\" data-responsive=\"https:\/\/unuvarinsaat.com.tr\/en\/wp-content\/uploads\/2020\/10\/25092008141012-150x150.jpg\" data-src=\"https:\/\/unuvarinsaat.com.tr\/en\/wp-content\/uploads\/2020\/10\/25092008141012.jpg\"> \n\t\t                    \t<img src=\"https:\/\/unuvarinsaat.com.tr\/en\/wp-content\/uploads\/2020\/10\/25092008141012.jpg\" alt=\"\"\/>\n\t\t                    <\/li>\n\t\t\t\t\t \t\t\t\t\t\t \t\t<li data-thumb=\"https:\/\/unuvarinsaat.com.tr\/en\/wp-content\/uploads\/2020\/10\/25092008141029-150x150.jpg\" data-responsive=\"https:\/\/unuvarinsaat.com.tr\/en\/wp-content\/uploads\/2020\/10\/25092008141029-150x150.jpg\" data-src=\"https:\/\/unuvarinsaat.com.tr\/en\/wp-content\/uploads\/2020\/10\/25092008141029.jpg\"> \n\t\t                    \t<img src=\"https:\/\/unuvarinsaat.com.tr\/en\/wp-content\/uploads\/2020\/10\/25092008141029.jpg\" alt=\"\"\/>\n\t\t                    <\/li>\n\t\t\t\t\t \t\t\t\t\t\t \t\t<li data-thumb=\"https:\/\/unuvarinsaat.com.tr\/en\/wp-content\/uploads\/2020\/10\/25092008141056-150x150.jpg\" data-responsive=\"https:\/\/unuvarinsaat.com.tr\/en\/wp-content\/uploads\/2020\/10\/25092008141056-150x150.jpg\" data-src=\"https:\/\/unuvarinsaat.com.tr\/en\/wp-content\/uploads\/2020\/10\/25092008141056.jpg\"> \n\t\t                    \t<img src=\"https:\/\/unuvarinsaat.com.tr\/en\/wp-content\/uploads\/2020\/10\/25092008141056.jpg\" alt=\"\"\/>\n\t\t                    <\/li>\n\t\t\t\t\t \t\t\t\t\t\t \t\t<li data-thumb=\"https:\/\/unuvarinsaat.com.tr\/en\/wp-content\/uploads\/2020\/10\/25092008141046-150x150.jpg\" data-responsive=\"https:\/\/unuvarinsaat.com.tr\/en\/wp-content\/uploads\/2020\/10\/25092008141046-150x150.jpg\" data-src=\"https:\/\/unuvarinsaat.com.tr\/en\/wp-content\/uploads\/2020\/10\/25092008141046.jpg\"> \n\t\t                    \t<img src=\"https:\/\/unuvarinsaat.com.tr\/en\/wp-content\/uploads\/2020\/10\/25092008141046.jpg\" alt=\"\"\/>\n\t\t                    <\/li>\n\t\t\t\t\t \t\t\t\t\t\t \t\t<li data-thumb=\"https:\/\/unuvarinsaat.com.tr\/en\/wp-content\/uploads\/2020\/10\/25092008141036-150x150.jpg\" data-responsive=\"https:\/\/unuvarinsaat.com.tr\/en\/wp-content\/uploads\/2020\/10\/25092008141036-150x150.jpg\" data-src=\"https:\/\/unuvarinsaat.com.tr\/en\/wp-content\/uploads\/2020\/10\/25092008141036.jpg\"> \n\t\t                    \t<img src=\"https:\/\/unuvarinsaat.com.tr\/en\/wp-content\/uploads\/2020\/10\/25092008141036.jpg\" alt=\"\"\/>\n\t\t                    <\/li>\n\t\t\t\t\t \t\t\t\t\t\t \t\t<li data-thumb=\"https:\/\/unuvarinsaat.com.tr\/en\/wp-content\/uploads\/2020\/10\/slt2-150x150.jpg\" data-responsive=\"https:\/\/unuvarinsaat.com.tr\/en\/wp-content\/uploads\/2020\/10\/slt2-150x150.jpg\" data-src=\"https:\/\/unuvarinsaat.com.tr\/en\/wp-content\/uploads\/2020\/10\/slt2.jpg\"> \n\t\t                    \t<img src=\"https:\/\/unuvarinsaat.com.tr\/en\/wp-content\/uploads\/2020\/10\/slt2.jpg\" alt=\"\"\/>\n\t\t                    <\/li>\n\t\t\t\t\t \t\t\t\t\t\t<\/ul>\n\t\t\t\t<\/div>\n\t\t\t<\/div>\t\t\t\t\n\t\t\t\t\t\t\t<script>\n\t\t    \tjQuery(document).ready(function() {\n\t\t            jQuery('#gwts-gwl-img-gallery3194').lightSlider({\n\t\t                item:1,\t\t                \n\t\t                slideMargin:10,\n\t\t                addClass:'',\n\t\t                speed:1000,\n\t\t                pause:2000,\n\t\t                auto:false,\n\t\t                loop:true,\n\t\t                pager:true,\n\t\t                gallery:true,\n\t\t                thumbItem:9,\n\t    \t\t\t\tcontrols:true,\n\t    \t\t\t\tuseCSS: true,\n\t        \t\t\tcssEasing: 'ease',\n\t        \t\t\teasing: 'linear',\n\t        \t\t\tkeyPress: false,\n\t        \t\t\tslideEndAnimation: true,\n\t        \t\t\tswipeThreshold: 40,        \t\t\t\n\t\t                onSliderLoad: function(el) {\n\t\t                    jQuery('#gwts-gwl-img-gallery3194').removeClass('cS-hidden');\n\t\t                    jQuery('#gwts-gwl-img-gallery3194').addClass('gwts-loaded');\n\t\t\t\t\t\t\tvar maxHeight = 0,\n\t\t\t\t\t\t\tcontainer = jQuery(el),\n\t\t\t\t\t\t\tchildren = container.children();\n\n\t\t\t\t\t\t\tchildren.each(function () {\n\t\t\t\t\t\t\tvar childHeight = jQuery(this).height();\n\t\t\t\t\t\t\tif (childHeight > maxHeight) {\n\t\t\t\t\t\t\tmaxHeight = childHeight;\n\t\t\t\t\t\t\t}\n\t\t\t\t\t\t\t});\n\t\t\t\t\t\t\tcontainer.height(maxHeight);\n\t\t\t\t\t\t\t\n\t\t\t\t\t\t\tvar lithbox = jQuery('#gwts-gwl-img-gallery3194').attr(\"data-litebx\");\n\t\t\t\t\t\t\tif(lithbox=='true'){\n\t\t\t\t\t\t\t\tel.lightGallery({\n\t\t\t\t\t                selector: '#gwts-gwl-img-gallery3194 .lslide'\n\t\t\t\t\t            });\n\t\t\t\t\t\t\t}\t\n\t\t                }  \n\t\t\t        });\n\t\t\t\t});\n\t\t    \t<\/script>\n\n\t\t <\/div><\/div><\/div><\/div><\/div><\/div><\/div>\n\t\t\t\t<\/div>\n\t\t\t\t<\/div>\n\t\t\t\t\t\t<\/div>\n\t\t\t\t\t<\/div>\n\t\t<\/div>\n\t\t\t\t<div class=\"elementor-column elementor-col-50 elementor-inner-column elementor-element elementor-element-3b00479\" data-id=\"3b00479\" data-element_type=\"column\">\n\t\t\t<div class=\"elementor-column-wrap elementor-element-populated\">\n\t\t\t\t\t\t\t<div class=\"elementor-widget-wrap\">\n\t\t\t\t\t\t<div class=\"elementor-element elementor-element-90fa2cf elementor-widget elementor-widget-ova_slideshow\" data-id=\"90fa2cf\" data-element_type=\"widget\" data-widget_type=\"ova_slideshow.default\">\n\t\t\t\t<div class=\"elementor-widget-container\">\n\t\t\t\n\t\t<div class=\"ova_slideshow\">\n\t\t\t<div class=\"slide_gallery\">\n\t\t\t\t<div class=\"wrap_slide\">\n\t\t\t\t\t\t\t\t\t<\/div>\n\t\t\t\t<i class=\"prev-arrow arrow_flaticon-050-left-arrow-7\"><\/i>\n\t\t\t\t<i class=\"next-arrow arrow_flaticon-034-right-arrow-7\"><\/i>\n\n\t\t\t<\/div>\n\t\t\t<div class=\"thumbnail_gallery\">\n\t\t\t\t\t\t\t<\/div>\n\t\t<\/div>\n\n\t\t\t\t<\/div>\n\t\t\t\t<\/div>\n\t\t\t\t\t\t<\/div>\n\t\t\t\t\t<\/div>\n\t\t<\/div>\n\t\t\t\t\t\t\t\t<\/div>\n\t\t\t\t\t<\/div>\n\t\t<\/section>\n\t\t\t\t\t\t<\/div>\n\t\t\t\t\t<\/div>\n\t\t<\/div>\n\t\t\t\t\t\t\t\t<\/div>\n\t\t\t\t\t<\/div>\n\t\t<\/section>\n\t\t\t\t\t\t<\/div>\n\t\t\t\t\t\t<\/div>\n\t\t\t\t\t<\/div>\n\t\t","protected":false},"excerpt":{"rendered":"<p>Emin\u00f6n\u00fc &#8211; Kabata\u015f Hatt\u0131 Sultan\u00e7iftli\u011fi &#8211; Edirnekap\u0131 Hatt\u0131 Edirnekap\u0131 &#8211; Topkap\u0131 Hatt\u0131 SULTAN\u00c7\u0130FTL\u0130K-ED\u0130RNE L\u0130NE Sultan\u00e7iftlik \u2013 Edirne light rail system is 12.5 km as a double line. Bayrampasa and Gaziosmanpasa districts pass through the old Edirne asphalt, starting from Edirne, and reaching Masjid Salam. The project was presented to the people of Istanbul in September [&hellip;]<\/p>\n","protected":false},"author":1,"featured_media":0,"parent":0,"menu_order":0,"comment_status":"closed","ping_status":"closed","template":"elementor_header_footer","meta":[],"_links":{"self":[{"href":"https:\/\/unuvarinsaat.com.tr\/en\/wp-json\/wp\/v2\/pages\/2967"}],"collection":[{"href":"https:\/\/unuvarinsaat.com.tr\/en\/wp-json\/wp\/v2\/pages"}],"about":[{"href":"https:\/\/unuvarinsaat.com.tr\/en\/wp-json\/wp\/v2\/types\/page"}],"author":[{"embeddable":true,"href":"https:\/\/unuvarinsaat.com.tr\/en\/wp-json\/wp\/v2\/users\/1"}],"replies":[{"embeddable":true,"href":"https:\/\/unuvarinsaat.com.tr\/en\/wp-json\/wp\/v2\/comments?post=2967"}],"version-history":[{"count":49,"href":"https:\/\/unuvarinsaat.com.tr\/en\/wp-json\/wp\/v2\/pages\/2967\/revisions"}],"predecessor-version":[{"id":3978,"href":"https:\/\/unuvarinsaat.com.tr\/en\/wp-json\/wp\/v2\/pages\/2967\/revisions\/3978"}],"wp:attachment":[{"href":"https:\/\/unuvarinsaat.com.tr\/en\/wp-json\/wp\/v2\/media?parent=2967"}],"curies":[{"name":"wp","href":"https:\/\/api.w.org\/{rel}","templated":true}]}}