{"id":2942,"date":"2020-10-09T16:58:05","date_gmt":"2020-10-09T13:58:05","guid":{"rendered":"https:\/\/sosyaldizayn.com\/unuvar\/?page_id=2942"},"modified":"2020-12-15T19:04:10","modified_gmt":"2020-12-15T16:04:10","slug":"unuvarli-olmak","status":"publish","type":"page","link":"https:\/\/unuvarinsaat.com.tr\/en\/unuvarli-olmak\/","title":{"rendered":"Being An \u00dcn\u00fcvar"},"content":{"rendered":"\t\t<div data-elementor-type=\"wp-page\" data-elementor-id=\"2942\" class=\"elementor elementor-2942\" data-elementor-settings=\"[]\">\n\t\t\t\t\t\t<div class=\"elementor-inner\">\n\t\t\t\t\t\t\t<div class=\"elementor-section-wrap\">\n\t\t\t\t\t\t\t<section class=\"elementor-section elementor-top-section elementor-element elementor-element-af1822f elementor-section-boxed elementor-section-height-default elementor-section-height-default\" data-id=\"af1822f\" data-element_type=\"section\">\n\t\t\t\t\t\t<div class=\"elementor-container elementor-column-gap-default\">\n\t\t\t\t\t\t\t<div class=\"elementor-row\">\n\t\t\t\t\t<div class=\"elementor-column elementor-col-50 elementor-top-column elementor-element elementor-element-d994c08\" data-id=\"d994c08\" data-element_type=\"column\">\n\t\t\t<div class=\"elementor-column-wrap elementor-element-populated\">\n\t\t\t\t\t\t\t<div class=\"elementor-widget-wrap\">\n\t\t\t\t\t\t<div class=\"elementor-element elementor-element-1b850fd elementor-widget elementor-widget-image\" data-id=\"1b850fd\" data-element_type=\"widget\" data-widget_type=\"image.default\">\n\t\t\t\t<div class=\"elementor-widget-container\">\n\t\t\t\t\t<div class=\"elementor-image\">\n\t\t\t\t\t\t\t\t\t\t<img width=\"264\" height=\"425\" src=\"https:\/\/unuvarinsaat.com.tr\/en\/wp-content\/uploads\/2020\/11\/sh2.jpg\" class=\"attachment-large size-large\" alt=\"\" loading=\"lazy\" srcset=\"https:\/\/unuvarinsaat.com.tr\/en\/wp-content\/uploads\/2020\/11\/sh2.jpg 264w, https:\/\/unuvarinsaat.com.tr\/en\/wp-content\/uploads\/2020\/11\/sh2-186x300.jpg 186w\" sizes=\"(max-width: 264px) 100vw, 264px\" \/>\t\t\t\t\t\t\t\t\t\t\t<\/div>\n\t\t\t\t<\/div>\n\t\t\t\t<\/div>\n\t\t\t\t\t\t<\/div>\n\t\t\t\t\t<\/div>\n\t\t<\/div>\n\t\t\t\t<div class=\"elementor-column elementor-col-50 elementor-top-column elementor-element elementor-element-2a1bfcb\" data-id=\"2a1bfcb\" data-element_type=\"column\">\n\t\t\t<div class=\"elementor-column-wrap elementor-element-populated\">\n\t\t\t\t\t\t\t<div class=\"elementor-widget-wrap\">\n\t\t\t\t\t\t<div class=\"elementor-element elementor-element-f7cc629 elementor-widget elementor-widget-heading\" data-id=\"f7cc629\" data-element_type=\"widget\" data-widget_type=\"heading.default\">\n\t\t\t\t<div class=\"elementor-widget-container\">\n\t\t\t<h2 class=\"elementor-heading-title elementor-size-default\">Being An \u00dcn\u00fcvar<\/h2>\t\t<\/div>\n\t\t\t\t<\/div>\n\t\t\t\t<div class=\"elementor-element elementor-element-233c979 elementor-widget elementor-widget-text-editor\" data-id=\"233c979\" data-element_type=\"widget\" data-widget_type=\"text-editor.default\">\n\t\t\t\t<div class=\"elementor-widget-container\">\n\t\t\t\t\t<div class=\"elementor-text-editor elementor-clearfix\"><p>As \u00dcn\u00fcvar In\u015faat ;<\/p><ul><li>Not only with our knowledge and experience, but also with our behavior, knowledge and appearance We are aware that we represent the culture of unuvar.<\/li><li>Willing to take responsibility and willing and disciplined about the responsibilities we undertake, our work we strive to complete the desired quality and on time. Our goal is to do the right thing for the first time.<\/li><li>\u00a0It is necessary to work in solidarity and coordination to achieve our common goals we\u2019re conscious .<\/li><li>We constantly strive to stay at the top and constantly improve.<\/li><li>The relations of un\u00fcvar In\u015faat are based on diligence, respect and trust.<\/li><\/ul><p>\u00a0<\/p><p>\u00a0<\/p><\/div>\n\t\t\t\t<\/div>\n\t\t\t\t<\/div>\n\t\t\t\t\t\t<\/div>\n\t\t\t\t\t<\/div>\n\t\t<\/div>\n\t\t\t\t\t\t\t\t<\/div>\n\t\t\t\t\t<\/div>\n\t\t<\/section>\n\t\t\t\t\t\t<\/div>\n\t\t\t\t\t\t<\/div>\n\t\t\t\t\t<\/div>\n\t\t","protected":false},"excerpt":{"rendered":"<p>Being An \u00dcn\u00fcvar As \u00dcn\u00fcvar In\u015faat ; Not only with our knowledge and experience, but also with our behavior, knowledge and appearance We are aware that we represent the culture of unuvar. Willing to take responsibility and willing and disciplined about the responsibilities we undertake, our work we strive to complete the desired quality and [&hellip;]<\/p>\n","protected":false},"author":1,"featured_media":0,"parent":0,"menu_order":0,"comment_status":"closed","ping_status":"closed","template":"elementor_header_footer","meta":[],"_links":{"self":[{"href":"https:\/\/unuvarinsaat.com.tr\/en\/wp-json\/wp\/v2\/pages\/2942"}],"collection":[{"href":"https:\/\/unuvarinsaat.com.tr\/en\/wp-json\/wp\/v2\/pages"}],"about":[{"href":"https:\/\/unuvarinsaat.com.tr\/en\/wp-json\/wp\/v2\/types\/page"}],"author":[{"embeddable":true,"href":"https:\/\/unuvarinsaat.com.tr\/en\/wp-json\/wp\/v2\/users\/1"}],"replies":[{"embeddable":true,"href":"https:\/\/unuvarinsaat.com.tr\/en\/wp-json\/wp\/v2\/comments?post=2942"}],"version-history":[{"count":13,"href":"https:\/\/unuvarinsaat.com.tr\/en\/wp-json\/wp\/v2\/pages\/2942\/revisions"}],"predecessor-version":[{"id":3989,"href":"https:\/\/unuvarinsaat.com.tr\/en\/wp-json\/wp\/v2\/pages\/2942\/revisions\/3989"}],"wp:attachment":[{"href":"https:\/\/unuvarinsaat.com.tr\/en\/wp-json\/wp\/v2\/media?parent=2942"}],"curies":[{"name":"wp","href":"https:\/\/api.w.org\/{rel}","templated":true}]}}