{"id":2918,"date":"2020-10-09T16:08:40","date_gmt":"2020-10-09T13:08:40","guid":{"rendered":"https:\/\/sosyaldizayn.com\/unuvar\/?page_id=2918"},"modified":"2022-03-29T18:16:19","modified_gmt":"2022-03-29T15:16:19","slug":"group-companies","status":"publish","type":"page","link":"https:\/\/unuvarinsaat.com.tr\/en\/group-companies\/","title":{"rendered":"Group Companies"},"content":{"rendered":"\t\t<div data-elementor-type=\"wp-page\" data-elementor-id=\"2918\" class=\"elementor elementor-2918\" data-elementor-settings=\"[]\">\n\t\t\t\t\t\t<div class=\"elementor-inner\">\n\t\t\t\t\t\t\t<div class=\"elementor-section-wrap\">\n\t\t\t\t\t\t\t<section class=\"elementor-section elementor-top-section elementor-element elementor-element-cca60b5 elementor-section-boxed elementor-section-height-default elementor-section-height-default\" data-id=\"cca60b5\" data-element_type=\"section\">\n\t\t\t\t\t\t<div class=\"elementor-container elementor-column-gap-default\">\n\t\t\t\t\t\t\t<div class=\"elementor-row\">\n\t\t\t\t\t<div class=\"elementor-column elementor-col-50 elementor-top-column elementor-element elementor-element-547b964\" data-id=\"547b964\" data-element_type=\"column\">\n\t\t\t<div class=\"elementor-column-wrap elementor-element-populated\">\n\t\t\t\t\t\t\t<div class=\"elementor-widget-wrap\">\n\t\t\t\t\t\t<div class=\"elementor-element elementor-element-763ffb6 elementor-widget elementor-widget-image\" data-id=\"763ffb6\" data-element_type=\"widget\" data-widget_type=\"image.default\">\n\t\t\t\t<div class=\"elementor-widget-container\">\n\t\t\t\t\t<div class=\"elementor-image\">\n\t\t\t\t\t\t\t\t\t\t<img src=\"https:\/\/unuvarinsaat.com.tr\/en\/wp-content\/uploads\/2020\/10\/resim1-1.gif\" title=\"resim1 (1)\" alt=\"resim1 (1)\" \/>\t\t\t\t\t\t\t\t\t\t\t<\/div>\n\t\t\t\t<\/div>\n\t\t\t\t<\/div>\n\t\t\t\t\t\t<\/div>\n\t\t\t\t\t<\/div>\n\t\t<\/div>\n\t\t\t\t<div class=\"elementor-column elementor-col-50 elementor-top-column elementor-element elementor-element-92378a1\" data-id=\"92378a1\" data-element_type=\"column\">\n\t\t\t<div class=\"elementor-column-wrap elementor-element-populated\">\n\t\t\t\t\t\t\t<div class=\"elementor-widget-wrap\">\n\t\t\t\t\t\t<div class=\"elementor-element elementor-element-adee959 elementor-widget elementor-widget-text-editor\" data-id=\"adee959\" data-element_type=\"widget\" data-widget_type=\"text-editor.default\">\n\t\t\t\t<div class=\"elementor-widget-container\">\n\t\t\t\t\t<div class=\"elementor-text-editor elementor-clearfix\"><img loading=\"lazy\" class=\"alignnone size-full wp-image-2921 alignleft\" src=\"https:\/\/sosyaldizayn.com\/unuvar\/wp-content\/uploads\/2020\/10\/unu_1_tr-1.jpg\" alt=\"\" width=\"95\" height=\"79\" \/><strong><span class=\"Arial_12_1285bb\" style=\"color: #1285bb;\">\u00dcn\u00fcvar Construction trade and Industry\n<\/span><\/strong><br>\n\nIt is one of the well-established organizations of the Turkish construction sector, which has been developing worldwide in recent years, and has been successfully continuing its activities in various areas of the construction sector since 1982.\n<\/div>\n\t\t\t\t<\/div>\n\t\t\t\t<\/div>\n\t\t\t\t<div class=\"elementor-element elementor-element-e48a373 elementor-widget elementor-widget-text-editor\" data-id=\"e48a373\" data-element_type=\"widget\" data-widget_type=\"text-editor.default\">\n\t\t\t\t<div class=\"elementor-widget-container\">\n\t\t\t\t\t<div class=\"elementor-text-editor elementor-clearfix\"><img loading=\"lazy\" class=\"alignnone size-full wp-image-2922 alignleft\" src=\"https:\/\/sosyaldizayn.com\/unuvar\/wp-content\/uploads\/2020\/10\/unu_2_tr-1.jpg\" alt=\"\" width=\"95\" height=\"88\" \/><span style=\"color: #dd820d;\"><strong><span class=\"Arial_12_1285bb\">Sun International Import and export A.\u015e <\/span><\/strong><\/span><br>\n It is part of \u00dcn\u00fcvar group of companies. It imports and exports various products and also engages in various infrastructure construction activities. \u00dcn\u00fcvar Construction trade and Industry.<\/div>\n\t\t\t\t<\/div>\n\t\t\t\t<\/div>\n\t\t\t\t<div class=\"elementor-element elementor-element-eb5a2e5 elementor-widget elementor-widget-text-editor\" data-id=\"eb5a2e5\" data-element_type=\"widget\" data-widget_type=\"text-editor.default\">\n\t\t\t\t<div class=\"elementor-widget-container\">\n\t\t\t\t\t<div class=\"elementor-text-editor elementor-clearfix\"><strong><span class=\"Arial_12_1285bb\" style=\"color: #1285bb;\"><img loading=\"lazy\" class=\"alignnone size-full wp-image-2923 alignleft\" src=\"https:\/\/sosyaldizayn.com\/unuvar\/wp-content\/uploads\/2020\/10\/unu_3_tr-1.jpg\" alt=\"\" width=\"95\" height=\"88\" \/><\/span><span class=\"Arial_12_1285bb\" style=\"color: #00ad4d;\">\u00dcn\u00fcvar Construction trade and Industry A.\u015e.<\/span><\/strong><br>\nThe company within the Un\u00fcvar group of companies, which has made significant tourism investments and built tourism facilities, is also advancing in Turkish tourism today.<\/div>\n\t\t\t\t<\/div>\n\t\t\t\t<\/div>\n\t\t\t\t<div class=\"elementor-element elementor-element-250ad3f elementor-widget elementor-widget-text-editor\" data-id=\"250ad3f\" data-element_type=\"widget\" data-widget_type=\"text-editor.default\">\n\t\t\t\t<div class=\"elementor-widget-container\">\n\t\t\t\t\t<div class=\"elementor-text-editor elementor-clearfix\"><strong><span class=\"Arial_12_1285bb\" style=\"color: #1285bb;\"><img loading=\"lazy\" class=\"wp-image-4088 size-full alignleft\" src=\"https:\/\/unuvarinsaat.com.tr\/wp-content\/uploads\/2019\/05\/unu_3_tr-1.jpg\" alt=\"\" width=\"95\" height=\"88\" \/><\/span><span class=\"Arial_12_1285bb\" style=\"color: #9400d3;\">UNUVAR STROY LLC <\/span><\/strong><br>\nThe company within the Un\u00fcvar group of companies established in Russian Federation . The Company is continuing its activities in various areas of the construction sector. \n\n<\/div>\n\t\t\t\t<\/div>\n\t\t\t\t<\/div>\n\t\t\t\t\t\t<\/div>\n\t\t\t\t\t<\/div>\n\t\t<\/div>\n\t\t\t\t\t\t\t\t<\/div>\n\t\t\t\t\t<\/div>\n\t\t<\/section>\n\t\t\t\t\t\t<\/div>\n\t\t\t\t\t\t<\/div>\n\t\t\t\t\t<\/div>\n\t\t","protected":false},"excerpt":{"rendered":"<p>\u00dcn\u00fcvar Construction trade and Industry It is one of the well-established organizations of the Turkish construction sector, which has been developing worldwide in recent years, and has been successfully continuing its activities in various areas of the construction sector since 1982. Sun International Import and export A.\u015e It is part of \u00dcn\u00fcvar group of companies. [&hellip;]<\/p>\n","protected":false},"author":1,"featured_media":0,"parent":0,"menu_order":0,"comment_status":"closed","ping_status":"closed","template":"elementor_header_footer","meta":[],"_links":{"self":[{"href":"https:\/\/unuvarinsaat.com.tr\/en\/wp-json\/wp\/v2\/pages\/2918"}],"collection":[{"href":"https:\/\/unuvarinsaat.com.tr\/en\/wp-json\/wp\/v2\/pages"}],"about":[{"href":"https:\/\/unuvarinsaat.com.tr\/en\/wp-json\/wp\/v2\/types\/page"}],"author":[{"embeddable":true,"href":"https:\/\/unuvarinsaat.com.tr\/en\/wp-json\/wp\/v2\/users\/1"}],"replies":[{"embeddable":true,"href":"https:\/\/unuvarinsaat.com.tr\/en\/wp-json\/wp\/v2\/comments?post=2918"}],"version-history":[{"count":15,"href":"https:\/\/unuvarinsaat.com.tr\/en\/wp-json\/wp\/v2\/pages\/2918\/revisions"}],"predecessor-version":[{"id":4075,"href":"https:\/\/unuvarinsaat.com.tr\/en\/wp-json\/wp\/v2\/pages\/2918\/revisions\/4075"}],"wp:attachment":[{"href":"https:\/\/unuvarinsaat.com.tr\/en\/wp-json\/wp\/v2\/media?parent=2918"}],"curies":[{"name":"wp","href":"https:\/\/api.w.org\/{rel}","templated":true}]}}